{"id":277,"date":"2018-01-09T15:16:41","date_gmt":"2018-01-09T15:16:41","guid":{"rendered":"http:\/\/entre.mikado-themes.com\/?page_id=277"},"modified":"2019-02-16T15:38:23","modified_gmt":"2019-02-16T14:38:23","slug":"interior-design","status":"publish","type":"page","link":"https:\/\/r-interieurs.com\/","title":{"rendered":"D\u00e9coration d&rsquo;int\u00e9rieur \u00e0 Strasbourg"},"content":{"rendered":"<p>[vc_row][vc_column width=\u00a0\u00bb1\/4&Prime; css=\u00a0\u00bb.vc_custom_1548079573666{padding-left: 200px !important;}\u00a0\u00bb][vc_single_image image=\u00a0\u00bb5766&Prime;][\/vc_column][vc_column width=\u00a0\u00bb3\/4&Prime; css=\u00a0\u00bb.vc_custom_1548079579168{padding-right: 100px !important;}\u00a0\u00bb][vc_empty_space height=\u00a0\u00bb50px\u00a0\u00bb]<div class=\"mkd-section-title-holder  \" style=\"text-align: center\">\n\t<div class=\"mkd-st-inner\">\n\t\t\t\t\t<h2 class=\"mkd-st-title\" >\n\t\t\t\tD\u00e9coration d'int\u00e9rieur \u00e0 Strasbourg\t\t\t<\/h2>\n\t\t\t\t\t\t\t<div class=\"mkd-separator-holder clearfix  mkd-separator-left \">\t<div class=\"mkd-separator\" style=\"border-color: #f2e9e9;width: 56px\"><\/div><\/div>\t\t\t<h4 class=\"mkd-st-subtitle\" >\n\t\t\t\tConseils et am\u00e9nagements d'espaces int\u00e9rieurs pour particuliers et professionnels \t\t\t<\/h4>\n\t\t\t\t\t<\/div>\n<\/div>[vc_empty_space height=\u00a0\u00bb50px\u00a0\u00bb][\/vc_column][\/vc_row][vc_row gap=\u00a0\u00bb20&Prime; equal_height=\u00a0\u00bbyes\u00a0\u00bb css=\u00a0\u00bb.vc_custom_1518015244895{padding-bottom: 0px !important;}\u00a0\u00bb][vc_column offset=\u00a0\u00bbvc_col-lg-4 vc_col-md-12 vc_col-xs-12&Prime; css=\u00a0\u00bb.vc_custom_1525555812838{background-color: #b9afad !important;}\u00a0\u00bb]<div class=\"mkd-animation-holder mkd-grow-in\" data-animation=\"mkd-grow-in\" data-animation-delay=\"500\"><div class=\"mkd-animation-inner\"><div class=\"mkd-elements-holder   mkd-one-column  mkd-responsive-mode-768 \" ><div class=\"mkd-eh-item    \"  data-item-class=\"mkd-eh-custom-6088\" data-1280-1600=\"144px 6% 180px 15%\" data-1024-1280=\"102px 2% 140px 7%\" data-768-1024=\"142px 34% 179px 98px \" data-680-768=\"142px 32% 179px 98px\" data-680=\"103px 2% 140px 10%\">\n\t<div class=\"mkd-eh-item-inner\">\n\t\t<div class=\"mkd-eh-item-content mkd-eh-custom-6088\" style=\"padding: 171px 74px 207px 98px\">\n\t\t\t<div class=\"mkd-section-title-holder  \" >\n\t<div class=\"mkd-st-inner\">\n\t\t\t\t\t<h2 class=\"mkd-st-title\" >\n\t\t\t\tEmilie Rieffel\t\t\t<\/h2>\n\t\t\t\t\t\t\t<\/div>\n<\/div>[vc_empty_space height=\u00a0\u00bb18px\u00a0\u00bb]<div class=\"mkd-section-title-holder  \" style=\"text-align: center\">\n\t<div class=\"mkd-st-inner\">\n\t\t\t\t\t\t\t<div class=\"mkd-separator-holder clearfix  mkd-separator-left \">\t<div class=\"mkd-separator\" style=\"border-color: #898989;width: 56px\"><\/div><\/div>\t\t\t<h5 class=\"mkd-st-subtitle\" >\n\t\t\t\tD\u00e9coratrice d'int\u00e9rieur\t\t\t<\/h5>\n\t\t\t\t\t<\/div>\n<\/div>[vc_empty_space height=\u00a0\u00bb22px\u00a0\u00bb][vc_column_text]Am\u00e9nagement personnalis\u00e9 de vos espaces. Accompagnement et conseil dans le choix des styles, ambiances et mat\u00e9riaux.[\/vc_column_text]<a itemprop=\"url\" href=\"http:\/\/r-interieurs.com\/index.php\/forfaits\" target=\"_self\" style=\"margin: 49px 0 0 0\" class=\"mkd-btn mkd-btn-medium mkd-btn-outline\"  >\n    <span class=\"mkd-btn-text\">Mes prestations<\/span>\n        <\/a>\t\t<\/div>\n\t<\/div>\n<\/div><\/div><\/div><\/div>[\/vc_column][vc_column offset=\u00a0\u00bbvc_col-lg-8 vc_col-md-12 vc_col-xs-12&Prime; css=\u00a0\u00bb.vc_custom_1550327282012{padding-right: 0px !important;padding-left: 0px !important;background-image: url(http:\/\/r-interieurs.com\/wp-content\/uploads\/2019\/02\/MG_8389-1.jpg?id=5819) !important;background-position: center !important;background-repeat: no-repeat !important;background-size: cover !important;}\u00a0\u00bb]<div class=\"mkd-elements-holder   mkd-one-column  mkd-responsive-mode-768 \" ><div class=\"mkd-eh-item    \"  data-item-class=\"mkd-eh-custom-4495\" data-768-1024=\"30% 0\" data-680-768=\"33% 0\" data-680=\"32% 0\">\n\t<div class=\"mkd-eh-item-inner\">\n\t\t<div class=\"mkd-eh-item-content mkd-eh-custom-4495\" >\n\t\t\t\t\t<\/div>\n\t<\/div>\n<\/div><\/div>[\/vc_column][\/vc_row][vc_row content_placement=\u00a0\u00bbmiddle\u00a0\u00bb row_content_width=\u00a0\u00bbgrid\u00a0\u00bb css=\u00a0\u00bb.vc_custom_1541273901734{padding-top: 95px !important;padding-bottom: 100px !important;background-image: url(http:\/\/r-interieurs.com\/wp-content\/uploads\/2018\/01\/h3-background-img-2.jpg?id=323) !important;background-position: center !important;background-repeat: no-repeat !important;background-size: cover !important;}\u00a0\u00bb][vc_column offset=\u00a0\u00bbvc_col-lg-6 vc_col-md-12 vc_col-xs-12&Prime;]<div class=\"mkd-elements-holder   mkd-one-column  mkd-responsive-mode-768 \" ><div class=\"mkd-eh-item    \"  data-item-class=\"mkd-eh-custom-4100\" data-1280-1600=\"50px 55px 0px 11px\" data-1024-1280=\"50px 55px 0px 11px\" data-768-1024=\"50px 0px 145px 0px\" data-680-768=\"50px 0px 145px 0px\" data-680=\"50px 0px 90px 0px\">\n\t<div class=\"mkd-eh-item-inner\">\n\t\t<div class=\"mkd-eh-item-content mkd-eh-custom-4100\" style=\"padding: 50px 38px 0px 4px\">\n\t\t\t<div class=\"mkd-parallax-holder\" data-parallax=\"{&quot;y&quot;: -60, &quot;smoothness&quot;: 20}\">[vc_single_image image=\u00a0\u00bb5361&Prime; img_size=\u00a0\u00bbfull\u00a0\u00bb]<\/div>\t\t<\/div>\n\t<\/div>\n<\/div><\/div>[\/vc_column][vc_column offset=\u00a0\u00bbvc_col-lg-6 vc_col-md-12 vc_col-xs-12&Prime;]<div class=\"mkd-elements-holder   mkd-one-column  mkd-responsive-mode-768 \" ><div class=\"mkd-eh-item    \"  data-item-class=\"mkd-eh-custom-1569\" data-1280-1600=\"45px 0 0 0\" data-1024-1280=\"47px 0 0 0 \" data-768-1024=\"0 200px 109px 0\" data-680-768=\" 0 0 109px 0\" data-680=\" 0 0 67px 0\">\n\t<div class=\"mkd-eh-item-inner\">\n\t\t<div class=\"mkd-eh-item-content mkd-eh-custom-1569\" style=\"padding: 26px 0 0 33px\">\n\t\t\t<div class=\"mkd-section-title-holder  \" >\n\t<div class=\"mkd-st-inner\">\n\t\t\t\t\t<h2 class=\"mkd-st-title\" >\n\t\t\t\tLe blog des tendances\t\t\t<\/h2>\n\t\t\t\t\t\t\t<\/div>\n<\/div>[vc_empty_space height=\u00a0\u00bb20px\u00a0\u00bb]<div class=\"mkd-section-title-holder  \" style=\"padding: 0 0 0 51px;text-align: center\">\n\t<div class=\"mkd-st-inner\">\n\t\t\t\t\t\t\t<div class=\"mkd-separator-holder clearfix  mkd-separator-left \">\t<div class=\"mkd-separator\" style=\"border-color: #f2e9e9;width: 56px\"><\/div><\/div>\t\t\t<h5 class=\"mkd-st-subtitle\" >\n\t\t\t\tActualit\u00e9s\t\t\t<\/h5>\n\t\t\t\t\t<\/div>\n<\/div>[vc_empty_space height=\u00a0\u00bb25px\u00a0\u00bb][vc_column_text css=\u00a0\u00bb.vc_custom_1525561628339{padding-right: 10% !important;}\u00a0\u00bb]Parcourez mon blog. Je vous y pr\u00e9sente les derni\u00e8res tendances en mati\u00e8re de d\u00e9coration : mobilier, accessoires, papiers peints, coloris&#8230;[\/vc_column_text][vc_empty_space height=\u00a0\u00bb35px\u00a0\u00bb]<a itemprop=\"url\" href=\"http:\/\/r-interieurs.com\/index.php\/blog\/\" target=\"_self\"  class=\"mkd-btn mkd-btn-medium mkd-btn-solid\"  >\n    <span class=\"mkd-btn-text\">Blog<\/span>\n        <\/a>\t\t<\/div>\n\t<\/div>\n<\/div><\/div>[\/vc_column][\/vc_row][vc_row gap=\u00a0\u00bb20&Prime; equal_height=\u00a0\u00bbyes\u00a0\u00bb content_placement=\u00a0\u00bbmiddle\u00a0\u00bb css=\u00a0\u00bb.vc_custom_1515593644618{padding-bottom: 0px !important;}\u00a0\u00bb][vc_column width=\u00a0\u00bb2\/3&Prime; css=\u00a0\u00bb.vc_custom_1541274033308{padding-bottom: 50px !important;background-image: url(http:\/\/r-interieurs.com\/wp-content\/uploads\/2018\/01\/IMG_0080-1.jpg?id=5346) !important;background-position: center !important;background-repeat: no-repeat !important;background-size: cover !important;}\u00a0\u00bb offset=\u00a0\u00bbvc_col-lg-8 vc_col-md-12 vc_col-xs-12&Prime;]<div class=\"mkd-elements-holder   mkd-one-column  mkd-responsive-mode-768 mkd-one-column-alignment-center\" ><div class=\"mkd-eh-item   mkd-horizontal-alignment-center \" style=\"background-image: url(https:\/\/r-interieurs.com\/wp-content\/uploads\/2018\/01\/emilie-rieffel-decoration-interieur-agence-temporaire-apr\u00e8s-1.jpg)\" data-item-class=\"mkd-eh-custom-4799\">\n\t<div class=\"mkd-eh-item-inner\">\n\t\t<div class=\"mkd-eh-item-content mkd-eh-custom-4799\" >\n\t\t\t<div class=\"mkd-parallax-holder\" data-parallax=\"{&quot;y&quot;: -0, &quot;smoothness&quot;: 20}\"><div class=\"mkd-single-image-holder     \">\n    <div class=\"mkd-si-inner\" >\n                                    <img width=\"1024\" height=\"768\" src=\"https:\/\/r-interieurs.com\/wp-content\/uploads\/2018\/11\/111111.png\" class=\"attachment-full size-full\" alt=\"\" loading=\"lazy\" srcset=\"https:\/\/r-interieurs.com\/wp-content\/uploads\/2018\/11\/111111.png 1024w, https:\/\/r-interieurs.com\/wp-content\/uploads\/2018\/11\/111111-300x225.png 300w, https:\/\/r-interieurs.com\/wp-content\/uploads\/2018\/11\/111111-768x576.png 768w\" sizes=\"(max-width: 1024px) 100vw, 1024px\" \/>                                <\/div>\n<\/div><\/div>\t\t<\/div>\n\t<\/div>\n<\/div><\/div>[\/vc_column][vc_column width=\u00a0\u00bb1\/3&Prime; css=\u00a0\u00bb.vc_custom_1541273650238{background-color: #b7afad !important;}\u00a0\u00bb]<div class=\"mkd-animation-holder mkd-grow-in\" data-animation=\"mkd-grow-in\" data-animation-delay=\"500\"><div class=\"mkd-animation-inner\"><div class=\"mkd-elements-holder   mkd-one-column  mkd-responsive-mode-768 \" ><div class=\"mkd-eh-item    \"  data-item-class=\"mkd-eh-custom-5701\" data-1280-1600=\"143px 6% 180px 12%\" data-1024-1280=\"102px 2% 140px 7%\" data-768-1024=\"142px 34% 179px 98px \" data-680-768=\"142px 30% 179px 98px \" data-680=\"103px 2% 140px 10%\">\n\t<div class=\"mkd-eh-item-inner\">\n\t\t<div class=\"mkd-eh-item-content mkd-eh-custom-5701\" style=\"padding: 173px 21px 209px 103px\">\n\t\t\t<div class=\"mkd-section-title-holder  \" >\n\t<div class=\"mkd-st-inner\">\n\t\t\t\t\t<h2 class=\"mkd-st-title\" >\n\t\t\t\tR\u00e9alisations\t\t\t<\/h2>\n\t\t\t\t\t\t\t<\/div>\n<\/div>[vc_empty_space height=\u00a0\u00bb18px\u00a0\u00bb]<div class=\"mkd-section-title-holder  \" style=\"text-align: center\">\n\t<div class=\"mkd-st-inner\">\n\t\t\t\t\t\t\t<div class=\"mkd-separator-holder clearfix  mkd-separator-left \">\t<div class=\"mkd-separator\" style=\"border-color: #898989;width: 56px\"><\/div><\/div>\t\t\t<h5 class=\"mkd-st-subtitle\" >\n\t\t\t\tMes cr\u00e9ations\t\t\t<\/h5>\n\t\t\t\t\t<\/div>\n<\/div>[vc_column_text css=\u00a0\u00bb.vc_custom_1525561819245{padding-right: 8% !important;}\u00a0\u00bb]D\u00e9couvrez toutes les \u00e9tapes de mes r\u00e9alisations : planches tendances, croquis et plans 3D, projet final.[\/vc_column_text][vc_empty_space height=\u00a0\u00bb30px\u00a0\u00bb]<a itemprop=\"url\" href=\"http:\/\/r-interieurs.com\/index.php\/realisations\/\" target=\"_self\" style=\"margin: 49px 0 0 0\" class=\"mkd-btn mkd-btn-medium mkd-btn-outline\"  >\n    <span class=\"mkd-btn-text\">Tout voir<\/span>\n        <\/a>\t\t<\/div>\n\t<\/div>\n<\/div><\/div><\/div><\/div>[\/vc_column][\/vc_row][vc_row content_placement=\u00a0\u00bbmiddle\u00a0\u00bb content_text_aligment=\u00a0\u00bbcenter\u00a0\u00bb css=\u00a0\u00bb.vc_custom_1515755053236{padding-top: 163px !important;padding-bottom: 167px !important;}\u00a0\u00bb][vc_column]<div class=\"mkd-section-title-holder  \" style=\"text-align: center\">\n\t<div class=\"mkd-st-inner\">\n\t\t\t\t\t<h1 class=\"mkd-st-title\" style=\"color: #414347\">\n\t\t\t\tVous voulez travailler avec moi ?\t\t\t<\/h1>\n\t\t\t\t\t\t\t<\/div>\n<\/div>[vc_empty_space height=\u00a0\u00bb11px\u00a0\u00bb][vc_column_text]<\/p>\n<h5 style=\"text-align: center; letter-spacing: 0.25em; color: #464646;\">Envoyez moi un email \u00e0 contact@r-interieurs.com<\/h5>\n<p>[\/vc_column_text][\/vc_column][\/vc_row][vc_row][vc_column]<div class=\"mkd-testimonials-holder mkd-testimonials-standard  clearfix\"><div class=\"mkd-separator-top-line\"><\/div><div class=\"mkd-cover-box\"><\/div><div class=\"mkd-author-separator-line\"><\/div><div class=\"mkd-testimonials mkd-owl-slider\" data-number-of-items=\"1\" data-enable-loop=\"yes\" data-enable-autoplay=\"yes\" data-slider-speed=\"3000\" data-slider-speed-animation=\"600\" data-enable-navigation=\"yes\" data-enable-pagination=\"no\"><div class=\"mkd-testimonial-content\" id=\"mkd-testimonials-5770\">\n\t<div class=\"mkd-testimonial-text-holder\">\n\t\t\t\t\t<h3 itemprop=\"name\" class=\"mkd-testimonial-title entry-title\">Notre escape game est super r\u00e9aliste !<\/h3>\n\t\t\t\t\t\t\t\t\t<p class=\"mkd-testimonial-text\">Sans l&#039;expertise d&#039;Emilie, notre escape game n&#039;aurait jamais \u00e9t\u00e9 celui qu&#039;il est aujourd&#039;hui. R\u00e9activit\u00e9, sens du d\u00e9tail, c&#039;est ce qu&#039;on attendait. D&#039;ailleurs les clients sont ravis, ils se sentent plong\u00e9s dans un nouvel univers.<\/p>\n\t\t\t\t\t\t\t\t\t\t<span class=\"mkd-testimonial-author\">\n\t\t\t\t<span class=\"mkd-testimonials-author-name\">Laura, Pierre et Marion<\/span>\n\t\t\t\t\t\t\t\t\t<span class=\"mkd-testimonials-author-job\">propri\u00e9taires de Spielhus<\/span>\n\t\t\t\t\t\t\t<\/span>\n\t\t    \t<\/div>\n\t<\/div><div class=\"mkd-testimonial-content\" id=\"mkd-testimonials-25\">\n\t<div class=\"mkd-testimonial-text-holder\">\n\t\t\t\t\t<h3 itemprop=\"name\" class=\"mkd-testimonial-title entry-title\">Super exp\u00e9rience<\/h3>\n\t\t\t\t\t\t\t\t\t<p class=\"mkd-testimonial-text\">Emilie a vraiment su cerner nos envies et nous a conseill\u00e9 sur le choix du carrelage de notre salle de bain, tout en respectant notre budget !<\/p>\n\t\t\t\t\t\t\t\t\t\t<span class=\"mkd-testimonial-author\">\n\t\t\t\t<span class=\"mkd-testimonials-author-name\">Christine et Philippe T.<\/span>\n\t\t\t\t\t\t\t\t\t<span class=\"mkd-testimonials-author-job\">clients<\/span>\n\t\t\t\t\t\t\t<\/span>\n\t\t    \t<\/div>\n\t<\/div><\/div><\/div>[\/vc_column][\/vc_row]<\/p>\n","protected":false},"excerpt":{"rendered":"<p>[vc_row][vc_column width=\u00a0\u00bb1\/4&Prime; css=\u00a0\u00bb.vc_custom_1548079573666{padding-left: 200px !important;}\u00a0\u00bb][vc_single_image image=\u00a0\u00bb5766&Prime;][\/vc_column][vc_column width=\u00a0\u00bb3\/4&Prime; css=\u00a0\u00bb.vc_custom_1548079579168{padding-right: 100px !important;}\u00a0\u00bb][vc_empty_space height=\u00a0\u00bb50px\u00a0\u00bb][vc_empty_space height=\u00a0\u00bb50px\u00a0\u00bb][\/vc_column][\/vc_row][vc_row gap=\u00a0\u00bb20&Prime; equal_height=\u00a0\u00bbyes\u00a0\u00bb css=\u00a0\u00bb.vc_custom_1518015244895{padding-bottom: 0px !important;}\u00a0\u00bb][vc_column offset=\u00a0\u00bbvc_col-lg-4 vc_col-md-12 vc_col-xs-12&Prime; css=\u00a0\u00bb.vc_custom_1525555812838{background-color: #b9afad !important;}\u00a0\u00bb][\/vc_column][vc_column offset=\u00a0\u00bbvc_col-lg-8 vc_col-md-12 vc_col-xs-12&Prime; css=\u00a0\u00bb.vc_custom_1550327282012{padding-right: 0px !important;padding-left: 0px !important;background-image: url(http:\/\/r-interieurs.com\/wp-content\/uploads\/2019\/02\/MG_8389-1.jpg?id=5819) !important;background-position: center !important;background-repeat: no-repeat !important;background-size: cover !important;}\u00a0\u00bb][\/vc_column][\/vc_row][vc_row content_placement=\u00a0\u00bbmiddle\u00a0\u00bb [&hellip;]<\/p>\n","protected":false},"author":1,"featured_media":0,"parent":0,"menu_order":0,"comment_status":"closed","ping_status":"closed","template":"full-width.php","meta":{"spay_email":""},"yoast_head":"<!-- This site is optimized with the Yoast SEO plugin v18.4.1 - https:\/\/yoast.com\/wordpress\/plugins\/seo\/ -->\n<title>D\u00e9coration d&#039;int\u00e9rieur \u00e0 Strasbourg - R Int\u00e9rieurs<\/title>\n<meta name=\"robots\" content=\"index, follow, max-snippet:-1, max-image-preview:large, max-video-preview:-1\" \/>\n<link rel=\"canonical\" href=\"https:\/\/r-interieurs.com\/\" \/>\n<meta property=\"og:locale\" content=\"fr_FR\" \/>\n<meta property=\"og:type\" content=\"article\" \/>\n<meta property=\"og:title\" content=\"D\u00e9coration d&#039;int\u00e9rieur \u00e0 Strasbourg - R Int\u00e9rieurs\" \/>\n<meta property=\"og:description\" content=\"[vc_row][vc_column width=\u00a0\u00bb1\/4&Prime; css=\u00a0\u00bb.vc_custom_1548079573666{padding-left: 200px !important;}\u00a0\u00bb][vc_single_image image=\u00a0\u00bb5766&Prime;][\/vc_column][vc_column width=\u00a0\u00bb3\/4&Prime; css=\u00a0\u00bb.vc_custom_1548079579168{padding-right: 100px !important;}\u00a0\u00bb][vc_empty_space height=\u00a0\u00bb50px\u00a0\u00bb][vc_empty_space height=\u00a0\u00bb50px\u00a0\u00bb][\/vc_column][\/vc_row][vc_row gap=\u00a0\u00bb20&Prime; equal_height=\u00a0\u00bbyes\u00a0\u00bb css=\u00a0\u00bb.vc_custom_1518015244895{padding-bottom: 0px !important;}\u00a0\u00bb][vc_column offset=\u00a0\u00bbvc_col-lg-4 vc_col-md-12 vc_col-xs-12&Prime; css=\u00a0\u00bb.vc_custom_1525555812838{background-color: #b9afad !important;}\u00a0\u00bb][\/vc_column][vc_column offset=\u00a0\u00bbvc_col-lg-8 vc_col-md-12 vc_col-xs-12&Prime; css=\u00a0\u00bb.vc_custom_1550327282012{padding-right: 0px !important;padding-left: 0px !important;background-image: url(http:\/\/r-interieurs.com\/wp-content\/uploads\/2019\/02\/MG_8389-1.jpg?id=5819) !important;background-position: center !important;background-repeat: no-repeat !important;background-size: cover !important;}\u00a0\u00bb][\/vc_column][\/vc_row][vc_row content_placement=\u00a0\u00bbmiddle\u00a0\u00bb [&hellip;]\" \/>\n<meta property=\"og:url\" content=\"https:\/\/r-interieurs.com\/\" \/>\n<meta property=\"og:site_name\" content=\"R Int\u00e9rieurs\" \/>\n<meta property=\"article:modified_time\" content=\"2019-02-16T14:38:23+00:00\" \/>\n<meta name=\"twitter:card\" content=\"summary_large_image\" \/>\n<meta name=\"twitter:label1\" content=\"Dur\u00e9e de lecture estim\u00e9e\" \/>\n\t<meta name=\"twitter:data1\" content=\"5 minutes\" \/>\n<script type=\"application\/ld+json\" class=\"yoast-schema-graph\">{\"@context\":\"https:\/\/schema.org\",\"@graph\":[{\"@type\":\"WebSite\",\"@id\":\"https:\/\/r-interieurs.com\/#website\",\"url\":\"https:\/\/r-interieurs.com\/\",\"name\":\"R Int\u00e9rieurs\",\"description\":\"D\u00e9coration int\u00e9rieur Strasbourg\",\"potentialAction\":[{\"@type\":\"SearchAction\",\"target\":{\"@type\":\"EntryPoint\",\"urlTemplate\":\"https:\/\/r-interieurs.com\/?s={search_term_string}\"},\"query-input\":\"required name=search_term_string\"}],\"inLanguage\":\"fr-FR\"},{\"@type\":\"WebPage\",\"@id\":\"https:\/\/r-interieurs.com\/#webpage\",\"url\":\"https:\/\/r-interieurs.com\/\",\"name\":\"D\u00e9coration d'int\u00e9rieur \u00e0 Strasbourg - R Int\u00e9rieurs\",\"isPartOf\":{\"@id\":\"https:\/\/r-interieurs.com\/#website\"},\"datePublished\":\"2018-01-09T15:16:41+00:00\",\"dateModified\":\"2019-02-16T14:38:23+00:00\",\"breadcrumb\":{\"@id\":\"https:\/\/r-interieurs.com\/#breadcrumb\"},\"inLanguage\":\"fr-FR\",\"potentialAction\":[{\"@type\":\"ReadAction\",\"target\":[\"https:\/\/r-interieurs.com\/\"]}]},{\"@type\":\"BreadcrumbList\",\"@id\":\"https:\/\/r-interieurs.com\/#breadcrumb\",\"itemListElement\":[{\"@type\":\"ListItem\",\"position\":1,\"name\":\"Accueil\",\"item\":\"https:\/\/r-interieurs.com\/\"},{\"@type\":\"ListItem\",\"position\":2,\"name\":\"D\u00e9coration d&rsquo;int\u00e9rieur \u00e0 Strasbourg\"}]}]}<\/script>\n<!-- \/ Yoast SEO plugin. -->","yoast_head_json":{"title":"D\u00e9coration d'int\u00e9rieur \u00e0 Strasbourg - R Int\u00e9rieurs","robots":{"index":"index","follow":"follow","max-snippet":"max-snippet:-1","max-image-preview":"max-image-preview:large","max-video-preview":"max-video-preview:-1"},"canonical":"https:\/\/r-interieurs.com\/","og_locale":"fr_FR","og_type":"article","og_title":"D\u00e9coration d'int\u00e9rieur \u00e0 Strasbourg - R Int\u00e9rieurs","og_description":"[vc_row][vc_column width=\u00a0\u00bb1\/4&Prime; css=\u00a0\u00bb.vc_custom_1548079573666{padding-left: 200px !important;}\u00a0\u00bb][vc_single_image image=\u00a0\u00bb5766&Prime;][\/vc_column][vc_column width=\u00a0\u00bb3\/4&Prime; css=\u00a0\u00bb.vc_custom_1548079579168{padding-right: 100px !important;}\u00a0\u00bb][vc_empty_space height=\u00a0\u00bb50px\u00a0\u00bb][vc_empty_space height=\u00a0\u00bb50px\u00a0\u00bb][\/vc_column][\/vc_row][vc_row gap=\u00a0\u00bb20&Prime; equal_height=\u00a0\u00bbyes\u00a0\u00bb css=\u00a0\u00bb.vc_custom_1518015244895{padding-bottom: 0px !important;}\u00a0\u00bb][vc_column offset=\u00a0\u00bbvc_col-lg-4 vc_col-md-12 vc_col-xs-12&Prime; css=\u00a0\u00bb.vc_custom_1525555812838{background-color: #b9afad !important;}\u00a0\u00bb][\/vc_column][vc_column offset=\u00a0\u00bbvc_col-lg-8 vc_col-md-12 vc_col-xs-12&Prime; css=\u00a0\u00bb.vc_custom_1550327282012{padding-right: 0px !important;padding-left: 0px !important;background-image: url(http:\/\/r-interieurs.com\/wp-content\/uploads\/2019\/02\/MG_8389-1.jpg?id=5819) !important;background-position: center !important;background-repeat: no-repeat !important;background-size: cover !important;}\u00a0\u00bb][\/vc_column][\/vc_row][vc_row content_placement=\u00a0\u00bbmiddle\u00a0\u00bb [&hellip;]","og_url":"https:\/\/r-interieurs.com\/","og_site_name":"R Int\u00e9rieurs","article_modified_time":"2019-02-16T14:38:23+00:00","twitter_card":"summary_large_image","twitter_misc":{"Dur\u00e9e de lecture estim\u00e9e":"5 minutes"},"schema":{"@context":"https:\/\/schema.org","@graph":[{"@type":"WebSite","@id":"https:\/\/r-interieurs.com\/#website","url":"https:\/\/r-interieurs.com\/","name":"R Int\u00e9rieurs","description":"D\u00e9coration int\u00e9rieur Strasbourg","potentialAction":[{"@type":"SearchAction","target":{"@type":"EntryPoint","urlTemplate":"https:\/\/r-interieurs.com\/?s={search_term_string}"},"query-input":"required name=search_term_string"}],"inLanguage":"fr-FR"},{"@type":"WebPage","@id":"https:\/\/r-interieurs.com\/#webpage","url":"https:\/\/r-interieurs.com\/","name":"D\u00e9coration d'int\u00e9rieur \u00e0 Strasbourg - R Int\u00e9rieurs","isPartOf":{"@id":"https:\/\/r-interieurs.com\/#website"},"datePublished":"2018-01-09T15:16:41+00:00","dateModified":"2019-02-16T14:38:23+00:00","breadcrumb":{"@id":"https:\/\/r-interieurs.com\/#breadcrumb"},"inLanguage":"fr-FR","potentialAction":[{"@type":"ReadAction","target":["https:\/\/r-interieurs.com\/"]}]},{"@type":"BreadcrumbList","@id":"https:\/\/r-interieurs.com\/#breadcrumb","itemListElement":[{"@type":"ListItem","position":1,"name":"Accueil","item":"https:\/\/r-interieurs.com\/"},{"@type":"ListItem","position":2,"name":"D\u00e9coration d&rsquo;int\u00e9rieur \u00e0 Strasbourg"}]}]}},"_links":{"self":[{"href":"https:\/\/r-interieurs.com\/index.php\/wp-json\/wp\/v2\/pages\/277"}],"collection":[{"href":"https:\/\/r-interieurs.com\/index.php\/wp-json\/wp\/v2\/pages"}],"about":[{"href":"https:\/\/r-interieurs.com\/index.php\/wp-json\/wp\/v2\/types\/page"}],"author":[{"embeddable":true,"href":"https:\/\/r-interieurs.com\/index.php\/wp-json\/wp\/v2\/users\/1"}],"replies":[{"embeddable":true,"href":"https:\/\/r-interieurs.com\/index.php\/wp-json\/wp\/v2\/comments?post=277"}],"version-history":[{"count":90,"href":"https:\/\/r-interieurs.com\/index.php\/wp-json\/wp\/v2\/pages\/277\/revisions"}],"predecessor-version":[{"id":5821,"href":"https:\/\/r-interieurs.com\/index.php\/wp-json\/wp\/v2\/pages\/277\/revisions\/5821"}],"wp:attachment":[{"href":"https:\/\/r-interieurs.com\/index.php\/wp-json\/wp\/v2\/media?parent=277"}],"curies":[{"name":"wp","href":"https:\/\/api.w.org\/{rel}","templated":true}]}}