{"id":2444,"date":"2018-01-25T09:59:11","date_gmt":"2018-01-25T08:59:11","guid":{"rendered":"http:\/\/entre.mikado-themes.com\/?page_id=2444"},"modified":"2019-11-09T18:09:34","modified_gmt":"2019-11-09T17:09:34","slug":"forfaits","status":"publish","type":"page","link":"https:\/\/r-interieurs.com\/index.php\/forfaits\/","title":{"rendered":"Forfaits"},"content":{"rendered":"<p>[vc_row][vc_column]<div class=\"mkd-section-title-holder  \" style=\"text-align: center\">\n\t<div class=\"mkd-st-inner\">\n\t\t\t\t\t<h2 class=\"mkd-st-title\" >\n\t\t\t\tMes prestations\t\t\t<\/h2>\n\t\t\t\t\t\t\t<\/div>\n<\/div>[\/vc_column][\/vc_row][vc_row][vc_column][vc_empty_space height=\u00a0\u00bb50px\u00a0\u00bb][\/vc_column][\/vc_row][vc_row content_placement=\u00a0\u00bbmiddle\u00a0\u00bb css=\u00a0\u00bb.vc_custom_1546531003599{padding-right: 120px !important;padding-left: 120px !important;}\u00a0\u00bb][vc_column][vc_column_text]<\/p>\n<p style=\"text-align: center;\">Vous trouverez ci-dessous l\u2019ensemble de mes prestations.<\/p>\n<p style=\"text-align: center;\">Je vous propose si vous le souhaitez du conseil d\u00e9co \u00e0 domicile pour vous aider dans votre projet. Je peux \u00e9galement vous pr\u00e9senter un projet complet qui vous donnera un aper\u00e7u du projet final apr\u00e8s transformation. Si vous rencontrez des difficult\u00e9s \u00e0 vendre votre bien, je suis l\u00e0 pour vous aider \u00e0 trouver des solutions pour le rendre plus attractif.<\/p>\n<p style=\"text-align: center;\"><strong>Forfaits valables pour les particuliers et professionnels,\u00a0+ frais kilom\u00e9triques (0,30\u20ac\/km)<\/strong><\/p>\n<p>[\/vc_column_text][\/vc_column][\/vc_row][vc_row gap=\u00a0\u00bb35&Prime; row_content_width=\u00a0\u00bbgrid\u00a0\u00bb css=\u00a0\u00bb.vc_custom_1546531359196{padding-bottom: 0px !important;}\u00a0\u00bb][vc_column]<div class=\"mkd-pricing-tables clearfix mkd-four-columns mkd-large-space\"><div class=\"mkd-pt-wrapper mkd-outer-space\"><div class=\"mkd-price-table mkd-item-space \">\n\t<div class=\"mkd-pt-inner\" >\n\t\t<ul>\n\t\t\t<li class=\"mkd-pt-title-holder\">\n\t\t\t\t<span class=\"mkd-pt-title\" >Conseils en d\u00e9coration<\/span>\n\t\t\t<\/li>\n\t\t\t<li class=\"mkd-pt-prices\">\n\t\t\t\t<sup class=\"mkd-pt-value\" >\u20ac<\/sup>\n\t\t\t\t<span class=\"mkd-pt-price\" >90<\/span>\n\t\t\t\t<h6 class=\"mkd-pt-mark\" >max 2H<\/h6>\n\t\t\t<\/li>\n\t\t\t<li class=\"mkd-pt-content\">\n\t\t\t\t\n<div class=\"\">\n<div class=\"\">&#8211; Conseil dans le choix des couleurs et du mobilier<\/div>\n<div class=\"\">&#8211; Conseil dans l&rsquo;am\u00e9nagement de l\u2019espace<\/div>\n<div class=\"\">&#8211; Discussion sur le mode de vie \/ Style ou ambiance recherch\u00e9e<\/div>\n<div class=\"\"><strong><i class=\"\">Le compte rendu vous sera transmis par mail ou courrier<\/i><\/strong><\/div>\n<\/div>\n\t\t\t<\/li>\n\t\t\t\t\t<\/ul>\n\t<\/div>\n<\/div><div class=\"mkd-price-table mkd-item-space \">\n\t<div class=\"mkd-pt-inner\" >\n\t\t<ul>\n\t\t\t<li class=\"mkd-pt-title-holder\">\n\t\t\t\t<span class=\"mkd-pt-title\" >Conseils d\u00e9co + plans 3D<\/span>\n\t\t\t<\/li>\n\t\t\t<li class=\"mkd-pt-prices\">\n\t\t\t\t<sup class=\"mkd-pt-value\" >\u20ac<\/sup>\n\t\t\t\t<span class=\"mkd-pt-price\" >300<\/span>\n\t\t\t\t<h6 class=\"mkd-pt-mark\" > <\/h6>\n\t\t\t<\/li>\n\t\t\t<li class=\"mkd-pt-content\">\n\t\t\t\t\n<div class=\"\">\n<div>(Valable pour 1 pi\u00e8ce de l\u2019habitat)<\/div>\n<div class=\"\">Idem que pour la 1\u00e8re option +<\/div>\n<div class=\"\">&#8211; Relev\u00e9 des m\u00e9tr\u00e9s<\/div>\n<div class=\"\">&#8211; Prise de photos des espaces<\/div>\n<div class=\"\">&#8211; R\u00e9alisation de plans 3D<\/div>\n<div class=\"\">&#8211; Liste d\u2019achats des fournitures<\/div>\n<div class=\"\">&#8211; Respect du budget initial<\/div>\n<div class=\"\">&#8211; Pr\u00e9sentation du projet<\/div>\n<div>&#8211; Aide \u00e0 la mise en place de la d\u00e9coration<\/div>\n<div><em><strong>Une seule\u00a0modification incluse dans le forfait<\/strong><\/em><\/div>\n<div>.<\/div>\n<div class=\"\"><em><strong>Maison ou appartement complet: sur devis<\/strong><\/em><\/div>\n<\/div>\n<div class=\"\"><\/div>\n\t\t\t<\/li>\n\t\t\t\t\t<\/ul>\n\t<\/div>\n<\/div><div class=\"mkd-price-table mkd-item-space \">\n\t<div class=\"mkd-pt-inner\" >\n\t\t<ul>\n\t\t\t<li class=\"mkd-pt-title-holder\">\n\t\t\t\t<span class=\"mkd-pt-title\" >Home - Staging<\/span>\n\t\t\t<\/li>\n\t\t\t<li class=\"mkd-pt-prices\">\n\t\t\t\t<sup class=\"mkd-pt-value\" >\u20ac<\/sup>\n\t\t\t\t<span class=\"mkd-pt-price\" >150<\/span>\n\t\t\t\t<h6 class=\"mkd-pt-mark\" > <\/h6>\n\t\t\t<\/li>\n\t\t\t<li class=\"mkd-pt-content\">\n\t\t\t\t\n<div class=\"\">\n<div>Aide \u00e0 la vente d&rsquo;un bien<\/div>\n<div class=\"\">&#8211; Evaluation du projet<\/div>\n<div>&#8211; Conseils sur les am\u00e9liorations \u00e0 effectuer pour rendre le bien attractif<\/div>\n<div>&#8211; D\u00e9personnalisation des pi\u00e8ces de vie<\/div>\n<div class=\"\"><strong><em>Plans 3D sur devis<\/em><\/strong><\/div>\n<\/div>\n\t\t\t<\/li>\n\t\t\t\t\t<\/ul>\n\t<\/div>\n<\/div><div class=\"mkd-price-table mkd-item-space \">\n\t<div class=\"mkd-pt-inner\" >\n\t\t<ul>\n\t\t\t<li class=\"mkd-pt-title-holder\">\n\t\t\t\t<span class=\"mkd-pt-title\" >Pour les professionnels<\/span>\n\t\t\t<\/li>\n\t\t\t<li class=\"mkd-pt-prices\">\n\t\t\t\t<sup class=\"mkd-pt-value\" > <\/sup>\n\t\t\t\t<span class=\"mkd-pt-price\" >sur devis<\/span>\n\t\t\t\t<h6 class=\"mkd-pt-mark\" > <\/h6>\n\t\t\t<\/li>\n\t\t\t<li class=\"mkd-pt-content\">\n\t\t\t\t&#8211; Evaluation du projet<\/p>\n<p>&#8211; Discussion sur le style ou ambiance recherch\u00e9e<\/p>\n<div class=\"\">\u2013 Relev\u00e9 des m\u00e9tr\u00e9s<\/div>\n<div class=\"\">\u2013 Prise de photos des espaces<\/div>\n<p>&#8211; R\u00e9alisation de plans 3D<\/p>\n<p><em><strong>H\u00f4tels, bars, restaurants, bureaux, commerces &#8230;<\/strong><\/em>\t\t\t<\/li>\n\t\t\t\t\t<\/ul>\n\t<\/div>\n<\/div><\/div><\/div>[\/vc_column][\/vc_row]<\/p>\n","protected":false},"excerpt":{"rendered":"<p>[vc_row][vc_column][\/vc_column][\/vc_row][vc_row][vc_column][vc_empty_space height=\u00a0\u00bb50px\u00a0\u00bb][\/vc_column][\/vc_row][vc_row content_placement=\u00a0\u00bbmiddle\u00a0\u00bb css=\u00a0\u00bb.vc_custom_1546531003599{padding-right: 120px !important;padding-left: 120px !important;}\u00a0\u00bb][vc_column][vc_column_text] Vous trouverez ci-dessous l\u2019ensemble de mes prestations. Je vous propose si vous le souhaitez du conseil d\u00e9co \u00e0 domicile pour vous aider dans votre projet. Je peux \u00e9galement vous pr\u00e9senter un projet [&hellip;]<\/p>\n","protected":false},"author":1,"featured_media":0,"parent":0,"menu_order":0,"comment_status":"closed","ping_status":"closed","template":"full-width.php","meta":{"spay_email":""},"yoast_head":"<!-- This site is optimized with the Yoast SEO plugin v18.4.1 - https:\/\/yoast.com\/wordpress\/plugins\/seo\/ -->\n<title>Forfaits - R Int\u00e9rieurs<\/title>\n<meta name=\"robots\" content=\"index, follow, max-snippet:-1, max-image-preview:large, max-video-preview:-1\" \/>\n<link rel=\"canonical\" href=\"https:\/\/r-interieurs.com\/index.php\/forfaits\/\" \/>\n<meta property=\"og:locale\" content=\"fr_FR\" \/>\n<meta property=\"og:type\" content=\"article\" \/>\n<meta property=\"og:title\" content=\"Forfaits - R Int\u00e9rieurs\" \/>\n<meta property=\"og:description\" content=\"[vc_row][vc_column][\/vc_column][\/vc_row][vc_row][vc_column][vc_empty_space height=\u00a0\u00bb50px\u00a0\u00bb][\/vc_column][\/vc_row][vc_row content_placement=\u00a0\u00bbmiddle\u00a0\u00bb css=\u00a0\u00bb.vc_custom_1546531003599{padding-right: 120px !important;padding-left: 120px !important;}\u00a0\u00bb][vc_column][vc_column_text] Vous trouverez ci-dessous l\u2019ensemble de mes prestations. Je vous propose si vous le souhaitez du conseil d\u00e9co \u00e0 domicile pour vous aider dans votre projet. Je peux \u00e9galement vous pr\u00e9senter un projet [&hellip;]\" \/>\n<meta property=\"og:url\" content=\"https:\/\/r-interieurs.com\/index.php\/forfaits\/\" \/>\n<meta property=\"og:site_name\" content=\"R Int\u00e9rieurs\" \/>\n<meta property=\"article:modified_time\" content=\"2019-11-09T17:09:34+00:00\" \/>\n<meta name=\"twitter:card\" content=\"summary_large_image\" \/>\n<meta name=\"twitter:label1\" content=\"Dur\u00e9e de lecture estim\u00e9e\" \/>\n\t<meta name=\"twitter:data1\" content=\"2 minutes\" \/>\n<script type=\"application\/ld+json\" class=\"yoast-schema-graph\">{\"@context\":\"https:\/\/schema.org\",\"@graph\":[{\"@type\":\"WebSite\",\"@id\":\"https:\/\/r-interieurs.com\/#website\",\"url\":\"https:\/\/r-interieurs.com\/\",\"name\":\"R Int\u00e9rieurs\",\"description\":\"D\u00e9coration int\u00e9rieur Strasbourg\",\"potentialAction\":[{\"@type\":\"SearchAction\",\"target\":{\"@type\":\"EntryPoint\",\"urlTemplate\":\"https:\/\/r-interieurs.com\/?s={search_term_string}\"},\"query-input\":\"required name=search_term_string\"}],\"inLanguage\":\"fr-FR\"},{\"@type\":\"WebPage\",\"@id\":\"https:\/\/r-interieurs.com\/index.php\/forfaits\/#webpage\",\"url\":\"https:\/\/r-interieurs.com\/index.php\/forfaits\/\",\"name\":\"Forfaits - R Int\u00e9rieurs\",\"isPartOf\":{\"@id\":\"https:\/\/r-interieurs.com\/#website\"},\"datePublished\":\"2018-01-25T08:59:11+00:00\",\"dateModified\":\"2019-11-09T17:09:34+00:00\",\"breadcrumb\":{\"@id\":\"https:\/\/r-interieurs.com\/index.php\/forfaits\/#breadcrumb\"},\"inLanguage\":\"fr-FR\",\"potentialAction\":[{\"@type\":\"ReadAction\",\"target\":[\"https:\/\/r-interieurs.com\/index.php\/forfaits\/\"]}]},{\"@type\":\"BreadcrumbList\",\"@id\":\"https:\/\/r-interieurs.com\/index.php\/forfaits\/#breadcrumb\",\"itemListElement\":[{\"@type\":\"ListItem\",\"position\":1,\"name\":\"Accueil\",\"item\":\"https:\/\/r-interieurs.com\/\"},{\"@type\":\"ListItem\",\"position\":2,\"name\":\"Forfaits\"}]}]}<\/script>\n<!-- \/ Yoast SEO plugin. -->","yoast_head_json":{"title":"Forfaits - R Int\u00e9rieurs","robots":{"index":"index","follow":"follow","max-snippet":"max-snippet:-1","max-image-preview":"max-image-preview:large","max-video-preview":"max-video-preview:-1"},"canonical":"https:\/\/r-interieurs.com\/index.php\/forfaits\/","og_locale":"fr_FR","og_type":"article","og_title":"Forfaits - R Int\u00e9rieurs","og_description":"[vc_row][vc_column][\/vc_column][\/vc_row][vc_row][vc_column][vc_empty_space height=\u00a0\u00bb50px\u00a0\u00bb][\/vc_column][\/vc_row][vc_row content_placement=\u00a0\u00bbmiddle\u00a0\u00bb css=\u00a0\u00bb.vc_custom_1546531003599{padding-right: 120px !important;padding-left: 120px !important;}\u00a0\u00bb][vc_column][vc_column_text] Vous trouverez ci-dessous l\u2019ensemble de mes prestations. Je vous propose si vous le souhaitez du conseil d\u00e9co \u00e0 domicile pour vous aider dans votre projet. Je peux \u00e9galement vous pr\u00e9senter un projet [&hellip;]","og_url":"https:\/\/r-interieurs.com\/index.php\/forfaits\/","og_site_name":"R Int\u00e9rieurs","article_modified_time":"2019-11-09T17:09:34+00:00","twitter_card":"summary_large_image","twitter_misc":{"Dur\u00e9e de lecture estim\u00e9e":"2 minutes"},"schema":{"@context":"https:\/\/schema.org","@graph":[{"@type":"WebSite","@id":"https:\/\/r-interieurs.com\/#website","url":"https:\/\/r-interieurs.com\/","name":"R Int\u00e9rieurs","description":"D\u00e9coration int\u00e9rieur Strasbourg","potentialAction":[{"@type":"SearchAction","target":{"@type":"EntryPoint","urlTemplate":"https:\/\/r-interieurs.com\/?s={search_term_string}"},"query-input":"required name=search_term_string"}],"inLanguage":"fr-FR"},{"@type":"WebPage","@id":"https:\/\/r-interieurs.com\/index.php\/forfaits\/#webpage","url":"https:\/\/r-interieurs.com\/index.php\/forfaits\/","name":"Forfaits - R Int\u00e9rieurs","isPartOf":{"@id":"https:\/\/r-interieurs.com\/#website"},"datePublished":"2018-01-25T08:59:11+00:00","dateModified":"2019-11-09T17:09:34+00:00","breadcrumb":{"@id":"https:\/\/r-interieurs.com\/index.php\/forfaits\/#breadcrumb"},"inLanguage":"fr-FR","potentialAction":[{"@type":"ReadAction","target":["https:\/\/r-interieurs.com\/index.php\/forfaits\/"]}]},{"@type":"BreadcrumbList","@id":"https:\/\/r-interieurs.com\/index.php\/forfaits\/#breadcrumb","itemListElement":[{"@type":"ListItem","position":1,"name":"Accueil","item":"https:\/\/r-interieurs.com\/"},{"@type":"ListItem","position":2,"name":"Forfaits"}]}]}},"_links":{"self":[{"href":"https:\/\/r-interieurs.com\/index.php\/wp-json\/wp\/v2\/pages\/2444"}],"collection":[{"href":"https:\/\/r-interieurs.com\/index.php\/wp-json\/wp\/v2\/pages"}],"about":[{"href":"https:\/\/r-interieurs.com\/index.php\/wp-json\/wp\/v2\/types\/page"}],"author":[{"embeddable":true,"href":"https:\/\/r-interieurs.com\/index.php\/wp-json\/wp\/v2\/users\/1"}],"replies":[{"embeddable":true,"href":"https:\/\/r-interieurs.com\/index.php\/wp-json\/wp\/v2\/comments?post=2444"}],"version-history":[{"count":49,"href":"https:\/\/r-interieurs.com\/index.php\/wp-json\/wp\/v2\/pages\/2444\/revisions"}],"predecessor-version":[{"id":6033,"href":"https:\/\/r-interieurs.com\/index.php\/wp-json\/wp\/v2\/pages\/2444\/revisions\/6033"}],"wp:attachment":[{"href":"https:\/\/r-interieurs.com\/index.php\/wp-json\/wp\/v2\/media?parent=2444"}],"curies":[{"name":"wp","href":"https:\/\/api.w.org\/{rel}","templated":true}]}}