{"id":1871,"date":"2018-01-22T15:35:41","date_gmt":"2018-01-22T14:35:41","guid":{"rendered":"http:\/\/entre.mikado-themes.com\/?page_id=1871"},"modified":"2019-04-06T18:50:41","modified_gmt":"2019-04-06T16:50:41","slug":"me-contacter","status":"publish","type":"page","link":"https:\/\/r-interieurs.com\/index.php\/me-contacter\/","title":{"rendered":"Me contacter"},"content":{"rendered":"<p>[vc_row css=\u00a0\u00bb.vc_custom_1550339698365{padding-bottom: 80px !important;padding-left: 50px !important;}\u00a0\u00bb][vc_column][vc_empty_space height=\u00a0\u00bb150px\u00a0\u00bb][vc_column_text]Pour me contacter, utilisez le formulaire ci-dessous ou envoyez moi un email \u00e0\u00a0contact (@) r-interieurs.com[\/vc_column_text][\/vc_column][\/vc_row][vc_row css=\u00a0\u00bb.vc_custom_1550339753824{padding-bottom: 50px !important;}\u00a0\u00bb][vc_column width=\u00a0\u00bb1\/2&Prime;][vc_single_image image=\u00a0\u00bb5887&Prime; img_size=\u00a0\u00bblarge\u00a0\u00bb css=\u00a0\u00bb.vc_custom_1554569439118{padding-left: 150px !important;}\u00a0\u00bb][\/vc_column][vc_column width=\u00a0\u00bb1\/2&Prime;]<div role=\"form\" class=\"wpcf7\" id=\"wpcf7-f4-o1\" lang=\"en-US\" dir=\"ltr\">\n<div class=\"screen-reader-response\"><p role=\"status\" aria-live=\"polite\" aria-atomic=\"true\"><\/p> <ul><\/ul><\/div>\n<form action=\"\/index.php\/wp-json\/wp\/v2\/pages\/1871#wpcf7-f4-o1\" method=\"post\" class=\"wpcf7-form init\" novalidate=\"novalidate\" data-status=\"init\">\n<div style=\"display: none;\">\n<input type=\"hidden\" name=\"_wpcf7\" value=\"4\" \/>\n<input type=\"hidden\" name=\"_wpcf7_version\" value=\"5.4.2\" \/>\n<input type=\"hidden\" name=\"_wpcf7_locale\" value=\"en_US\" \/>\n<input type=\"hidden\" name=\"_wpcf7_unit_tag\" value=\"wpcf7-f4-o1\" \/>\n<input type=\"hidden\" name=\"_wpcf7_container_post\" value=\"0\" \/>\n<input type=\"hidden\" name=\"_wpcf7_posted_data_hash\" value=\"\" \/>\n<\/div>\n<p><label> Votre Nom<br \/>\n    <span class=\"wpcf7-form-control-wrap Votre\"><input type=\"text\" name=\"Votre\" value=\"\" size=\"40\" class=\"wpcf7-form-control wpcf7-text wpcf7-validates-as-required\" aria-required=\"true\" aria-invalid=\"false\" \/><\/span> <\/label><\/p>\n<p><label> Votre Email<br \/>\n    <span class=\"wpcf7-form-control-wrap Votre\"><input type=\"email\" name=\"Votre\" value=\"\" size=\"40\" class=\"wpcf7-form-control wpcf7-text wpcf7-email wpcf7-validates-as-required wpcf7-validates-as-email\" aria-required=\"true\" aria-invalid=\"false\" \/><\/span> <\/label><\/p>\n<p><label> Message<br \/>\n    <span class=\"wpcf7-form-control-wrap Votre\"><textarea name=\"Votre\" cols=\"40\" rows=\"10\" class=\"wpcf7-form-control wpcf7-textarea\" aria-invalid=\"false\"><\/textarea><\/span> <\/label><\/p>\n<p><input type=\"submit\" value=\"Envoyer\" class=\"wpcf7-form-control wpcf7-submit\" \/><\/p>\n<p style=\"display: none !important;\"><label>&#916;<textarea name=\"_wpcf7_ak_hp_textarea\" cols=\"45\" rows=\"8\" maxlength=\"100\"><\/textarea><\/label><input type=\"hidden\" id=\"ak_js_1\" name=\"_wpcf7_ak_js\" value=\"178\"\/><script>document.getElementById( \"ak_js_1\" ).setAttribute( \"value\", ( new Date() ).getTime() );<\/script><\/p><div class=\"wpcf7-response-output\" aria-hidden=\"true\"><\/div><\/form><\/div>[\/vc_column][\/vc_row]<\/p>\n","protected":false},"excerpt":{"rendered":"<p>[vc_row css=\u00a0\u00bb.vc_custom_1550339698365{padding-bottom: 80px !important;padding-left: 50px !important;}\u00a0\u00bb][vc_column][vc_empty_space height=\u00a0\u00bb150px\u00a0\u00bb][vc_column_text]Pour me contacter, utilisez le formulaire ci-dessous ou envoyez moi un email \u00e0\u00a0contact (@) r-interieurs.com[\/vc_column_text][\/vc_column][\/vc_row][vc_row css=\u00a0\u00bb.vc_custom_1550339753824{padding-bottom: 50px !important;}\u00a0\u00bb][vc_column width=\u00a0\u00bb1\/2&Prime;][vc_single_image image=\u00a0\u00bb5887&Prime; img_size=\u00a0\u00bblarge\u00a0\u00bb css=\u00a0\u00bb.vc_custom_1554569439118{padding-left: 150px !important;}\u00a0\u00bb][\/vc_column][vc_column width=\u00a0\u00bb1\/2&Prime;][\/vc_column][\/vc_row]<\/p>\n","protected":false},"author":1,"featured_media":0,"parent":0,"menu_order":0,"comment_status":"closed","ping_status":"closed","template":"full-width.php","meta":{"spay_email":""},"yoast_head":"<!-- This site is optimized with the Yoast SEO plugin v18.4.1 - https:\/\/yoast.com\/wordpress\/plugins\/seo\/ -->\n<title>Me contacter - R Int\u00e9rieurs<\/title>\n<meta name=\"robots\" content=\"index, follow, max-snippet:-1, max-image-preview:large, max-video-preview:-1\" \/>\n<link rel=\"canonical\" href=\"https:\/\/r-interieurs.com\/index.php\/me-contacter\/\" \/>\n<meta property=\"og:locale\" content=\"fr_FR\" \/>\n<meta property=\"og:type\" content=\"article\" \/>\n<meta property=\"og:title\" content=\"Me contacter - R Int\u00e9rieurs\" \/>\n<meta property=\"og:description\" content=\"[vc_row css=\u00a0\u00bb.vc_custom_1550339698365{padding-bottom: 80px !important;padding-left: 50px !important;}\u00a0\u00bb][vc_column][vc_empty_space height=\u00a0\u00bb150px\u00a0\u00bb][vc_column_text]Pour me contacter, utilisez le formulaire ci-dessous ou envoyez moi un email \u00e0\u00a0contact (@) r-interieurs.com[\/vc_column_text][\/vc_column][\/vc_row][vc_row css=\u00a0\u00bb.vc_custom_1550339753824{padding-bottom: 50px !important;}\u00a0\u00bb][vc_column width=\u00a0\u00bb1\/2&Prime;][vc_single_image image=\u00a0\u00bb5887&Prime; img_size=\u00a0\u00bblarge\u00a0\u00bb css=\u00a0\u00bb.vc_custom_1554569439118{padding-left: 150px !important;}\u00a0\u00bb][\/vc_column][vc_column width=\u00a0\u00bb1\/2&Prime;][\/vc_column][\/vc_row]\" \/>\n<meta property=\"og:url\" content=\"https:\/\/r-interieurs.com\/index.php\/me-contacter\/\" \/>\n<meta property=\"og:site_name\" content=\"R Int\u00e9rieurs\" \/>\n<meta property=\"article:modified_time\" content=\"2019-04-06T16:50:41+00:00\" \/>\n<meta name=\"twitter:card\" content=\"summary_large_image\" \/>\n<script type=\"application\/ld+json\" class=\"yoast-schema-graph\">{\"@context\":\"https:\/\/schema.org\",\"@graph\":[{\"@type\":\"WebSite\",\"@id\":\"https:\/\/r-interieurs.com\/#website\",\"url\":\"https:\/\/r-interieurs.com\/\",\"name\":\"R Int\u00e9rieurs\",\"description\":\"D\u00e9coration int\u00e9rieur Strasbourg\",\"potentialAction\":[{\"@type\":\"SearchAction\",\"target\":{\"@type\":\"EntryPoint\",\"urlTemplate\":\"https:\/\/r-interieurs.com\/?s={search_term_string}\"},\"query-input\":\"required name=search_term_string\"}],\"inLanguage\":\"fr-FR\"},{\"@type\":\"WebPage\",\"@id\":\"https:\/\/r-interieurs.com\/index.php\/me-contacter\/#webpage\",\"url\":\"https:\/\/r-interieurs.com\/index.php\/me-contacter\/\",\"name\":\"Me contacter - R Int\u00e9rieurs\",\"isPartOf\":{\"@id\":\"https:\/\/r-interieurs.com\/#website\"},\"datePublished\":\"2018-01-22T14:35:41+00:00\",\"dateModified\":\"2019-04-06T16:50:41+00:00\",\"breadcrumb\":{\"@id\":\"https:\/\/r-interieurs.com\/index.php\/me-contacter\/#breadcrumb\"},\"inLanguage\":\"fr-FR\",\"potentialAction\":[{\"@type\":\"ReadAction\",\"target\":[\"https:\/\/r-interieurs.com\/index.php\/me-contacter\/\"]}]},{\"@type\":\"BreadcrumbList\",\"@id\":\"https:\/\/r-interieurs.com\/index.php\/me-contacter\/#breadcrumb\",\"itemListElement\":[{\"@type\":\"ListItem\",\"position\":1,\"name\":\"Accueil\",\"item\":\"https:\/\/r-interieurs.com\/\"},{\"@type\":\"ListItem\",\"position\":2,\"name\":\"Me contacter\"}]}]}<\/script>\n<!-- \/ Yoast SEO plugin. -->","yoast_head_json":{"title":"Me contacter - R Int\u00e9rieurs","robots":{"index":"index","follow":"follow","max-snippet":"max-snippet:-1","max-image-preview":"max-image-preview:large","max-video-preview":"max-video-preview:-1"},"canonical":"https:\/\/r-interieurs.com\/index.php\/me-contacter\/","og_locale":"fr_FR","og_type":"article","og_title":"Me contacter - R Int\u00e9rieurs","og_description":"[vc_row css=\u00a0\u00bb.vc_custom_1550339698365{padding-bottom: 80px !important;padding-left: 50px !important;}\u00a0\u00bb][vc_column][vc_empty_space height=\u00a0\u00bb150px\u00a0\u00bb][vc_column_text]Pour me contacter, utilisez le formulaire ci-dessous ou envoyez moi un email \u00e0\u00a0contact (@) r-interieurs.com[\/vc_column_text][\/vc_column][\/vc_row][vc_row css=\u00a0\u00bb.vc_custom_1550339753824{padding-bottom: 50px !important;}\u00a0\u00bb][vc_column width=\u00a0\u00bb1\/2&Prime;][vc_single_image image=\u00a0\u00bb5887&Prime; img_size=\u00a0\u00bblarge\u00a0\u00bb css=\u00a0\u00bb.vc_custom_1554569439118{padding-left: 150px !important;}\u00a0\u00bb][\/vc_column][vc_column width=\u00a0\u00bb1\/2&Prime;][\/vc_column][\/vc_row]","og_url":"https:\/\/r-interieurs.com\/index.php\/me-contacter\/","og_site_name":"R Int\u00e9rieurs","article_modified_time":"2019-04-06T16:50:41+00:00","twitter_card":"summary_large_image","schema":{"@context":"https:\/\/schema.org","@graph":[{"@type":"WebSite","@id":"https:\/\/r-interieurs.com\/#website","url":"https:\/\/r-interieurs.com\/","name":"R Int\u00e9rieurs","description":"D\u00e9coration int\u00e9rieur Strasbourg","potentialAction":[{"@type":"SearchAction","target":{"@type":"EntryPoint","urlTemplate":"https:\/\/r-interieurs.com\/?s={search_term_string}"},"query-input":"required name=search_term_string"}],"inLanguage":"fr-FR"},{"@type":"WebPage","@id":"https:\/\/r-interieurs.com\/index.php\/me-contacter\/#webpage","url":"https:\/\/r-interieurs.com\/index.php\/me-contacter\/","name":"Me contacter - R Int\u00e9rieurs","isPartOf":{"@id":"https:\/\/r-interieurs.com\/#website"},"datePublished":"2018-01-22T14:35:41+00:00","dateModified":"2019-04-06T16:50:41+00:00","breadcrumb":{"@id":"https:\/\/r-interieurs.com\/index.php\/me-contacter\/#breadcrumb"},"inLanguage":"fr-FR","potentialAction":[{"@type":"ReadAction","target":["https:\/\/r-interieurs.com\/index.php\/me-contacter\/"]}]},{"@type":"BreadcrumbList","@id":"https:\/\/r-interieurs.com\/index.php\/me-contacter\/#breadcrumb","itemListElement":[{"@type":"ListItem","position":1,"name":"Accueil","item":"https:\/\/r-interieurs.com\/"},{"@type":"ListItem","position":2,"name":"Me contacter"}]}]}},"_links":{"self":[{"href":"https:\/\/r-interieurs.com\/index.php\/wp-json\/wp\/v2\/pages\/1871"}],"collection":[{"href":"https:\/\/r-interieurs.com\/index.php\/wp-json\/wp\/v2\/pages"}],"about":[{"href":"https:\/\/r-interieurs.com\/index.php\/wp-json\/wp\/v2\/types\/page"}],"author":[{"embeddable":true,"href":"https:\/\/r-interieurs.com\/index.php\/wp-json\/wp\/v2\/users\/1"}],"replies":[{"embeddable":true,"href":"https:\/\/r-interieurs.com\/index.php\/wp-json\/wp\/v2\/comments?post=1871"}],"version-history":[{"count":53,"href":"https:\/\/r-interieurs.com\/index.php\/wp-json\/wp\/v2\/pages\/1871\/revisions"}],"predecessor-version":[{"id":5889,"href":"https:\/\/r-interieurs.com\/index.php\/wp-json\/wp\/v2\/pages\/1871\/revisions\/5889"}],"wp:attachment":[{"href":"https:\/\/r-interieurs.com\/index.php\/wp-json\/wp\/v2\/media?parent=1871"}],"curies":[{"name":"wp","href":"https:\/\/api.w.org\/{rel}","templated":true}]}}