{"id":1786,"date":"2018-01-22T12:14:32","date_gmt":"2018-01-22T11:14:32","guid":{"rendered":"http:\/\/entre.mikado-themes.com\/?page_id=1786"},"modified":"2019-04-06T18:33:35","modified_gmt":"2019-04-06T16:33:35","slug":"a-propos","status":"publish","type":"page","link":"https:\/\/r-interieurs.com\/index.php\/a-propos\/","title":{"rendered":"A propos"},"content":{"rendered":"<p>[vc_row css_animation=\u00a0\u00bbslideInUp\u00a0\u00bb row_content_width=\u00a0\u00bbgrid\u00a0\u00bb][vc_column css=\u00a0\u00bb.vc_custom_1550326036385{padding-right: 70px !important;}\u00a0\u00bb offset=\u00a0\u00bbvc_col-lg-5 vc_col-md-12 vc_col-xs-12&Prime;]<div class=\"mkd-elements-holder   mkd-two-columns  mkd-responsive-mode-768 \" ><div class=\"mkd-eh-item    \"  data-item-class=\"mkd-eh-custom-4578\" data-1280-1600=\" 0 0 0 20px\" data-1024-1280=\" 0 0 0 20px\" data-768-1024=\"0 22% 0 21.6%\" data-680-768=\"0 0 0 14%\" data-680=\"0 15px 0 0\">\n\t<div class=\"mkd-eh-item-inner\">\n\t\t<div class=\"mkd-eh-item-content mkd-eh-custom-4578\" style=\"padding:  0 0 0 20px\">\n\t\t\t<div class=\"mkd-single-image-holder  mkd-image-behavior-lightbox   \">\n    <div class=\"mkd-si-inner\" >\n                    <a itemprop=\"image\" href=\"https:\/\/r-interieurs.com\/wp-content\/uploads\/2019\/02\/MG_8514-2.jpg\" data-rel=\"prettyPhoto[si_pretty_photo]\" title=\"\">\n                                    <img width=\"2848\" height=\"4272\" src=\"https:\/\/r-interieurs.com\/wp-content\/uploads\/2019\/02\/MG_8514-2.jpg\" class=\"attachment-full size-full\" alt=\"\" loading=\"lazy\" srcset=\"https:\/\/r-interieurs.com\/wp-content\/uploads\/2019\/02\/MG_8514-2.jpg 2848w, https:\/\/r-interieurs.com\/wp-content\/uploads\/2019\/02\/MG_8514-2-200x300.jpg 200w, https:\/\/r-interieurs.com\/wp-content\/uploads\/2019\/02\/MG_8514-2-768x1152.jpg 768w, https:\/\/r-interieurs.com\/wp-content\/uploads\/2019\/02\/MG_8514-2-683x1024.jpg 683w\" sizes=\"(max-width: 2848px) 100vw, 2848px\" \/>                                <\/a>\n                    <\/div>\n<\/div>\t\t<\/div>\n\t<\/div>\n<\/div><\/div>[\/vc_column][vc_column css=\u00a0\u00bb.vc_custom_1516632118325{padding-right: 7px !important;padding-left: 0px !important;}\u00a0\u00bb offset=\u00a0\u00bbvc_col-lg-7 vc_col-md-12 vc_col-xs-12&Prime;]<div class=\"mkd-elements-holder   mkd-one-column  mkd-responsive-mode-768 \" ><div class=\"mkd-eh-item    \"  data-item-class=\"mkd-eh-custom-3943\" data-1280-1600=\"34px 0 25px 48px\" data-1024-1280=\"34px 0 25px 48px\" data-768-1024=\"179px 0 26px 91px\" data-680-768=\"178px 0 28px 12px\" data-680=\" 34px 0 25px 0\">\n\t<div class=\"mkd-eh-item-inner\">\n\t\t<div class=\"mkd-eh-item-content mkd-eh-custom-3943\" style=\"padding:  34px 0 25px 6px\">\n\t\t\t[vc_column_text]<\/p>\n<h2 style=\"letter-spacing: 0.25em; text-align: center;\">Emilie Rieffel<\/h2>\n<p>[\/vc_column_text]\t\t<\/div>\n\t<\/div>\n<\/div><\/div><div class=\"mkd-elements-holder   mkd-one-column  mkd-responsive-mode-768 \" ><div class=\"mkd-eh-item    \"  data-item-class=\"mkd-eh-custom-8831\" data-1280-1600=\"0%\" data-1024-1280=\"0%\" data-768-1024=\"0%\" data-680-768=\"0%\" data-680=\"0%\">\n\t<div class=\"mkd-eh-item-inner\">\n\t\t<div class=\"mkd-eh-item-content mkd-eh-custom-8831\" style=\"padding: 0 10% 0 0\">\n\t\t\t<div class=\"mkd-section-title-holder  \" style=\"text-align: center\">\n\t<div class=\"mkd-st-inner\">\n\t\t\t\t\t\t\t<div class=\"mkd-separator-holder clearfix  mkd-separator-left \">\t<div class=\"mkd-separator\" style=\"border-color: #f2e9e9;width: 56px\"><\/div><\/div>\t\t\t<h5 class=\"mkd-st-subtitle\" >\n\t\t\t\tD\u00e9coratrice d'int\u00e9rieur\t\t\t<\/h5>\n\t\t\t\t\t<\/div>\n<\/div>\t\t<\/div>\n\t<\/div>\n<\/div><\/div><div class=\"mkd-elements-holder   mkd-one-column  mkd-responsive-mode-768 \" ><div class=\"mkd-eh-item    \"  data-item-class=\"mkd-eh-custom-3208\" data-1280-1600=\"18px 31px 0 56px\" data-1024-1280=\"18px 30px 0 54px\" data-768-1024=\"18px 0 0 14px\" data-680-768=\"18px 30px 0 15px\" data-680=\"18px 0 0 14px\">\n\t<div class=\"mkd-eh-item-inner\">\n\t\t<div class=\"mkd-eh-item-content mkd-eh-custom-3208\" style=\"padding:  18px 135px 0 14px\">\n\t\t\t<div class=\"mkd-section-title-holder  \" style=\"text-align: left\">\n\t<div class=\"mkd-st-inner\">\n\t\t\t\t\t\t\t\t\t<p class=\"mkd-st-text\" >\n\t\t\t\tTitulaire d\u2019un dipl\u00f4me professionnel en d\u00e9coration d\u2019int\u00e9rieur, j\u2019ai \u00e9tudi\u00e9 \u00e0 l\u2019\u00e9cole MJM Graphic Design de Strasbourg.\nPour moi, la d\u00e9coration est avant tout une passion plut\u00f4t qu\u2019un m\u00e9tier.<br \/>\nJ\u2019aime m\u00e9langer les styles, donner vie aux int\u00e9rieurs et cr\u00e9er des atmosph\u00e8res uniques.\nJe vous conseille et vous accompagne dans vos projets.<br \/>\nMon r\u00f4le est de vous orienter dans le choix des mat\u00e9riaux, dans l\u2019harmonie des couleurs et l\u2019am\u00e9nagement des espaces.<br \/>\nIl est important que votre int\u00e9rieur vous ressemble et que vous ayez plaisir \u00e0 \u00eatre chez vous.\nJ\u2019aime relever les d\u00e9fis et imaginer des univers diff\u00e9rents pour mes clients particuliers ou professionnels.\nJe vous invite \u00e0 consulter d\u00e8s \u00e0 pr\u00e9sent mes r\u00e9alisations et ma page des tendances pour vous donner des id\u00e9es en mati\u00e8re de d\u00e9coration.\nN\u2019h\u00e9sitez pas \u00e0 me contacter, je me ferais une joie de r\u00e9pondre \u00e0 vos attentes.\n\t\t\t<\/p>\n\t\t\t<\/div>\n<\/div><div class=\"mkd-section-title-holder  \" style=\"text-align: left\">\n\t<div class=\"mkd-st-inner\">\n\t\t\t\t\t\t\t\t\t<p class=\"mkd-st-text\" style=\"color: #b9afad;font-size: 25px;font-weight: 600\">\n\t\t\t\t``Le d\u00e9cor n'est-il pas le compl\u00e9ment indispensable de l'oeuvre?``\n\t\t\t<\/p>\n\t\t\t<\/div>\n<\/div>\t\t<\/div>\n\t<\/div>\n<\/div><\/div><div class=\"mkd-elements-holder   mkd-one-column  mkd-responsive-mode-768 \" ><div class=\"mkd-eh-item    \"  data-item-class=\"mkd-eh-custom-5624\" data-1280-1600=\"39px 0 0 57px\" data-1024-1280=\"39px 0 0 57px\">\n\t<div class=\"mkd-eh-item-inner\">\n\t\t<div class=\"mkd-eh-item-content mkd-eh-custom-5624\" style=\"padding: 39px 0 0 16px\">\n\t\t\t\t\t<\/div>\n\t<\/div>\n<\/div><\/div>[\/vc_column][\/vc_row][vc_row][vc_column][vc_empty_space height=\u00a0\u00bb100px\u00a0\u00bb][\/vc_column][\/vc_row]<\/p>\n","protected":false},"excerpt":{"rendered":"<p>[vc_row css_animation=\u00a0\u00bbslideInUp\u00a0\u00bb row_content_width=\u00a0\u00bbgrid\u00a0\u00bb][vc_column css=\u00a0\u00bb.vc_custom_1550326036385{padding-right: 70px !important;}\u00a0\u00bb offset=\u00a0\u00bbvc_col-lg-5 vc_col-md-12 vc_col-xs-12&Prime;][\/vc_column][vc_column css=\u00a0\u00bb.vc_custom_1516632118325{padding-right: 7px !important;padding-left: 0px !important;}\u00a0\u00bb offset=\u00a0\u00bbvc_col-lg-7 vc_col-md-12 vc_col-xs-12&Prime;][\/vc_column][\/vc_row][vc_row][vc_column][vc_empty_space height=\u00a0\u00bb100px\u00a0\u00bb][\/vc_column][\/vc_row]<\/p>\n","protected":false},"author":1,"featured_media":0,"parent":0,"menu_order":0,"comment_status":"closed","ping_status":"closed","template":"full-width.php","meta":{"spay_email":""},"yoast_head":"<!-- This site is optimized with the Yoast SEO plugin v18.4.1 - https:\/\/yoast.com\/wordpress\/plugins\/seo\/ -->\n<title>A propos - R Int\u00e9rieurs<\/title>\n<meta name=\"robots\" content=\"index, follow, max-snippet:-1, max-image-preview:large, max-video-preview:-1\" \/>\n<link rel=\"canonical\" href=\"https:\/\/r-interieurs.com\/index.php\/a-propos\/\" \/>\n<meta property=\"og:locale\" content=\"fr_FR\" \/>\n<meta property=\"og:type\" content=\"article\" \/>\n<meta property=\"og:title\" content=\"A propos - R Int\u00e9rieurs\" \/>\n<meta property=\"og:description\" content=\"[vc_row css_animation=\u00a0\u00bbslideInUp\u00a0\u00bb row_content_width=\u00a0\u00bbgrid\u00a0\u00bb][vc_column css=\u00a0\u00bb.vc_custom_1550326036385{padding-right: 70px !important;}\u00a0\u00bb offset=\u00a0\u00bbvc_col-lg-5 vc_col-md-12 vc_col-xs-12&Prime;][\/vc_column][vc_column css=\u00a0\u00bb.vc_custom_1516632118325{padding-right: 7px !important;padding-left: 0px !important;}\u00a0\u00bb offset=\u00a0\u00bbvc_col-lg-7 vc_col-md-12 vc_col-xs-12&Prime;][\/vc_column][\/vc_row][vc_row][vc_column][vc_empty_space height=\u00a0\u00bb100px\u00a0\u00bb][\/vc_column][\/vc_row]\" \/>\n<meta property=\"og:url\" content=\"https:\/\/r-interieurs.com\/index.php\/a-propos\/\" \/>\n<meta property=\"og:site_name\" content=\"R Int\u00e9rieurs\" \/>\n<meta property=\"article:modified_time\" content=\"2019-04-06T16:33:35+00:00\" \/>\n<meta name=\"twitter:card\" content=\"summary_large_image\" \/>\n<meta name=\"twitter:label1\" content=\"Dur\u00e9e de lecture estim\u00e9e\" \/>\n\t<meta name=\"twitter:data1\" content=\"3 minutes\" \/>\n<script type=\"application\/ld+json\" class=\"yoast-schema-graph\">{\"@context\":\"https:\/\/schema.org\",\"@graph\":[{\"@type\":\"WebSite\",\"@id\":\"https:\/\/r-interieurs.com\/#website\",\"url\":\"https:\/\/r-interieurs.com\/\",\"name\":\"R Int\u00e9rieurs\",\"description\":\"D\u00e9coration int\u00e9rieur Strasbourg\",\"potentialAction\":[{\"@type\":\"SearchAction\",\"target\":{\"@type\":\"EntryPoint\",\"urlTemplate\":\"https:\/\/r-interieurs.com\/?s={search_term_string}\"},\"query-input\":\"required name=search_term_string\"}],\"inLanguage\":\"fr-FR\"},{\"@type\":\"WebPage\",\"@id\":\"https:\/\/r-interieurs.com\/index.php\/a-propos\/#webpage\",\"url\":\"https:\/\/r-interieurs.com\/index.php\/a-propos\/\",\"name\":\"A propos - R Int\u00e9rieurs\",\"isPartOf\":{\"@id\":\"https:\/\/r-interieurs.com\/#website\"},\"datePublished\":\"2018-01-22T11:14:32+00:00\",\"dateModified\":\"2019-04-06T16:33:35+00:00\",\"breadcrumb\":{\"@id\":\"https:\/\/r-interieurs.com\/index.php\/a-propos\/#breadcrumb\"},\"inLanguage\":\"fr-FR\",\"potentialAction\":[{\"@type\":\"ReadAction\",\"target\":[\"https:\/\/r-interieurs.com\/index.php\/a-propos\/\"]}]},{\"@type\":\"BreadcrumbList\",\"@id\":\"https:\/\/r-interieurs.com\/index.php\/a-propos\/#breadcrumb\",\"itemListElement\":[{\"@type\":\"ListItem\",\"position\":1,\"name\":\"Accueil\",\"item\":\"https:\/\/r-interieurs.com\/\"},{\"@type\":\"ListItem\",\"position\":2,\"name\":\"A propos\"}]}]}<\/script>\n<!-- \/ Yoast SEO plugin. -->","yoast_head_json":{"title":"A propos - R Int\u00e9rieurs","robots":{"index":"index","follow":"follow","max-snippet":"max-snippet:-1","max-image-preview":"max-image-preview:large","max-video-preview":"max-video-preview:-1"},"canonical":"https:\/\/r-interieurs.com\/index.php\/a-propos\/","og_locale":"fr_FR","og_type":"article","og_title":"A propos - R Int\u00e9rieurs","og_description":"[vc_row css_animation=\u00a0\u00bbslideInUp\u00a0\u00bb row_content_width=\u00a0\u00bbgrid\u00a0\u00bb][vc_column css=\u00a0\u00bb.vc_custom_1550326036385{padding-right: 70px !important;}\u00a0\u00bb offset=\u00a0\u00bbvc_col-lg-5 vc_col-md-12 vc_col-xs-12&Prime;][\/vc_column][vc_column css=\u00a0\u00bb.vc_custom_1516632118325{padding-right: 7px !important;padding-left: 0px !important;}\u00a0\u00bb offset=\u00a0\u00bbvc_col-lg-7 vc_col-md-12 vc_col-xs-12&Prime;][\/vc_column][\/vc_row][vc_row][vc_column][vc_empty_space height=\u00a0\u00bb100px\u00a0\u00bb][\/vc_column][\/vc_row]","og_url":"https:\/\/r-interieurs.com\/index.php\/a-propos\/","og_site_name":"R Int\u00e9rieurs","article_modified_time":"2019-04-06T16:33:35+00:00","twitter_card":"summary_large_image","twitter_misc":{"Dur\u00e9e de lecture estim\u00e9e":"3 minutes"},"schema":{"@context":"https:\/\/schema.org","@graph":[{"@type":"WebSite","@id":"https:\/\/r-interieurs.com\/#website","url":"https:\/\/r-interieurs.com\/","name":"R Int\u00e9rieurs","description":"D\u00e9coration int\u00e9rieur Strasbourg","potentialAction":[{"@type":"SearchAction","target":{"@type":"EntryPoint","urlTemplate":"https:\/\/r-interieurs.com\/?s={search_term_string}"},"query-input":"required name=search_term_string"}],"inLanguage":"fr-FR"},{"@type":"WebPage","@id":"https:\/\/r-interieurs.com\/index.php\/a-propos\/#webpage","url":"https:\/\/r-interieurs.com\/index.php\/a-propos\/","name":"A propos - R Int\u00e9rieurs","isPartOf":{"@id":"https:\/\/r-interieurs.com\/#website"},"datePublished":"2018-01-22T11:14:32+00:00","dateModified":"2019-04-06T16:33:35+00:00","breadcrumb":{"@id":"https:\/\/r-interieurs.com\/index.php\/a-propos\/#breadcrumb"},"inLanguage":"fr-FR","potentialAction":[{"@type":"ReadAction","target":["https:\/\/r-interieurs.com\/index.php\/a-propos\/"]}]},{"@type":"BreadcrumbList","@id":"https:\/\/r-interieurs.com\/index.php\/a-propos\/#breadcrumb","itemListElement":[{"@type":"ListItem","position":1,"name":"Accueil","item":"https:\/\/r-interieurs.com\/"},{"@type":"ListItem","position":2,"name":"A propos"}]}]}},"_links":{"self":[{"href":"https:\/\/r-interieurs.com\/index.php\/wp-json\/wp\/v2\/pages\/1786"}],"collection":[{"href":"https:\/\/r-interieurs.com\/index.php\/wp-json\/wp\/v2\/pages"}],"about":[{"href":"https:\/\/r-interieurs.com\/index.php\/wp-json\/wp\/v2\/types\/page"}],"author":[{"embeddable":true,"href":"https:\/\/r-interieurs.com\/index.php\/wp-json\/wp\/v2\/users\/1"}],"replies":[{"embeddable":true,"href":"https:\/\/r-interieurs.com\/index.php\/wp-json\/wp\/v2\/comments?post=1786"}],"version-history":[{"count":34,"href":"https:\/\/r-interieurs.com\/index.php\/wp-json\/wp\/v2\/pages\/1786\/revisions"}],"predecessor-version":[{"id":5876,"href":"https:\/\/r-interieurs.com\/index.php\/wp-json\/wp\/v2\/pages\/1786\/revisions\/5876"}],"wp:attachment":[{"href":"https:\/\/r-interieurs.com\/index.php\/wp-json\/wp\/v2\/media?parent=1786"}],"curies":[{"name":"wp","href":"https:\/\/api.w.org\/{rel}","templated":true}]}}