{"id":1592,"date":"2018-01-19T14:02:58","date_gmt":"2018-01-19T13:02:58","guid":{"rendered":"http:\/\/entre.mikado-themes.com\/?page_id=1592"},"modified":"2018-09-10T17:33:47","modified_gmt":"2018-09-10T15:33:47","slug":"realisations","status":"publish","type":"page","link":"https:\/\/r-interieurs.com\/index.php\/realisations\/","title":{"rendered":"R\u00e9alisations"},"content":{"rendered":"<p>[vc_row row_content_width=\u00a0\u00bbgrid\u00a0\u00bb][vc_column]<div class=\"mkd-elements-holder   mkd-one-column  mkd-responsive-mode-768 \" ><div class=\"mkd-eh-item    \"  data-item-class=\"mkd-eh-custom-9868\" data-1280-1600=\"180px 5% 137px\" data-1024-1280=\"180px 0 137px 1.5%\">\n\t<div class=\"mkd-eh-item-inner\">\n\t\t<div class=\"mkd-eh-item-content mkd-eh-custom-9868\" style=\"padding: 180px 0\">\n\t\t\t[vc_column_text]<\/p>\n<h2 style=\"text-align: center;\">Vous trouverez ci-dessous mes projets de r\u00e9novation et de d\u00e9coration.<\/h2>\n<p>[\/vc_column_text]\t\t<\/div>\n\t<\/div>\n<\/div><\/div>[\/vc_column][\/vc_row][vc_row][vc_column]<div class=\"mkd-elements-holder   mkd-one-column  mkd-responsive-mode-768 \" ><div class=\"mkd-eh-item    \"  data-item-class=\"mkd-eh-custom-2463\" data-1280-1600=\"0 3% 0 3.2%\" data-1024-1280=\"0 2% 0 3.4%\">\n\t<div class=\"mkd-eh-item-inner\">\n\t\t<div class=\"mkd-eh-item-content mkd-eh-custom-2463\" style=\"padding: 0 2% 0 2.4%\">\n\t\t\t<div class=\"mkd-portfolio-list-holder mkd-pl-gallery mkd-normal-space mkd-pl-three-columns mkd-pl-gallery-extend-from-image-center    mkd-pl-pag-no-pagination     \"  data-type=gallery data-number-of-columns=3 data-space-between-items=normal data-number-of-items=20 data-image-proportions=full data-enable-fixed-proportions=no data-enable-image-shadow=no data-orderby=date data-order=ASC data-item-style=gallery-extend-from-image-center data-enable-title=yes data-title-tag=h4 data-enable-category=yes data-category-tag=p data-enable-count-images=no data-enable-excerpt=no data-excerpt-length=20 data-pagination-type=no-pagination data-filter=no data-filter-order-by=name data-enable-article-animation=no data-portfolio-slider-on=no data-enable-loop=yes data-enable-autoplay=yes data-slider-speed=5000 data-slider-speed-animation=600 data-enable-navigation=yes data-enable-pagination=yes data-max-num-pages=1 data-next-page=2>\n\t\t<div class=\"mkd-pl-inner mkd-outer-space  clearfix\">\n\t\t<article class=\"mkd-pl-item mkd-item-space  post-5431 portfolio-item type-portfolio-item status-publish has-post-thumbnail hentry portfolio-category-maison-epfig\">\n\t<div class=\"mkd-pl-item-inner\">\n\t\t<div class=\"mkd-pli-image\">\n\t<img width=\"1024\" height=\"768\" src=\"https:\/\/r-interieurs.com\/wp-content\/uploads\/2018\/08\/emilie-rieffel-decoration-interieur-salle-de-bain-epfig-apr\u00e8s-2.jpg\" class=\"attachment-full size-full wp-post-image\" alt=\"\" loading=\"lazy\" srcset=\"https:\/\/r-interieurs.com\/wp-content\/uploads\/2018\/08\/emilie-rieffel-decoration-interieur-salle-de-bain-epfig-apr\u00e8s-2.jpg 1024w, https:\/\/r-interieurs.com\/wp-content\/uploads\/2018\/08\/emilie-rieffel-decoration-interieur-salle-de-bain-epfig-apr\u00e8s-2-300x225.jpg 300w, https:\/\/r-interieurs.com\/wp-content\/uploads\/2018\/08\/emilie-rieffel-decoration-interieur-salle-de-bain-epfig-apr\u00e8s-2-768x576.jpg 768w\" sizes=\"(max-width: 1024px) 100vw, 1024px\" \/><\/div>\n<div class=\"mkd-item-text-overlay\">\n    <div class=\"mkd-item-text-overlay-inner\">\n        <div class=\"mkd-item-text-holder\">\n            \t<h4 itemprop=\"name\" class=\"mkd-pli-title entry-title\" >\n\t\tSalle de bain et toilettes\t<\/h4>\n            \t\t<div class=\"mkd-pli-category-holder\">\n\t\t\t\t\t\t<p>\n\t\t\t\t<a itemprop=\"url\" class=\"mkd-pli-category\" href=\"https:\/\/r-interieurs.com\/index.php\/portfolio-category\/maison-epfig\/\">Maison - Epfig<\/a>\n\t\t\t<\/p>\n\t\t\t\t\t<\/div>\n\t        <\/div>        \n    <\/div>\n<\/div>\n\t\t\n\t\t<a itemprop=\"url\" class=\"mkd-pli-link mkd-block-drag-link\" href=\"https:\/\/r-interieurs.com\/index.php\/portfolio-item\/salle-de-bain\/\" target=\"_self\"><\/a>\n\t<\/div>\n<\/article><article class=\"mkd-pl-item mkd-item-space  post-5388 portfolio-item type-portfolio-item status-publish has-post-thumbnail hentry portfolio-category-maison-hangenbieten\">\n\t<div class=\"mkd-pl-item-inner\">\n\t\t<div class=\"mkd-pli-image\">\n\t<img width=\"1024\" height=\"768\" src=\"https:\/\/r-interieurs.com\/wp-content\/uploads\/2015\/07\/emilie-rieffel-decoration-interieur-chambre-hangenbieten-4.png\" class=\"attachment-full size-full wp-post-image\" alt=\"\" loading=\"lazy\" srcset=\"https:\/\/r-interieurs.com\/wp-content\/uploads\/2015\/07\/emilie-rieffel-decoration-interieur-chambre-hangenbieten-4.png 1024w, https:\/\/r-interieurs.com\/wp-content\/uploads\/2015\/07\/emilie-rieffel-decoration-interieur-chambre-hangenbieten-4-300x225.png 300w, https:\/\/r-interieurs.com\/wp-content\/uploads\/2015\/07\/emilie-rieffel-decoration-interieur-chambre-hangenbieten-4-768x576.png 768w\" sizes=\"(max-width: 1024px) 100vw, 1024px\" \/><\/div>\n<div class=\"mkd-item-text-overlay\">\n    <div class=\"mkd-item-text-overlay-inner\">\n        <div class=\"mkd-item-text-holder\">\n            \t<h4 itemprop=\"name\" class=\"mkd-pli-title entry-title\" >\n\t\tChambre \u00e0 coucher\t<\/h4>\n            \t\t<div class=\"mkd-pli-category-holder\">\n\t\t\t\t\t\t<p>\n\t\t\t\t<a itemprop=\"url\" class=\"mkd-pli-category\" href=\"https:\/\/r-interieurs.com\/index.php\/portfolio-category\/maison-hangenbieten\/\">Maison - Hangenbieten<\/a>\n\t\t\t<\/p>\n\t\t\t\t\t<\/div>\n\t        <\/div>        \n    <\/div>\n<\/div>\n\t\t\n\t\t<a itemprop=\"url\" class=\"mkd-pli-link mkd-block-drag-link\" href=\"https:\/\/r-interieurs.com\/index.php\/portfolio-item\/chambre-a-coucher\/\" target=\"_self\"><\/a>\n\t<\/div>\n<\/article><article class=\"mkd-pl-item mkd-item-space  post-1617 portfolio-item type-portfolio-item status-publish has-post-thumbnail hentry portfolio-category-espace-professionnel-selestat\">\n\t<div class=\"mkd-pl-item-inner\">\n\t\t<div class=\"mkd-pli-image\">\n\t<img width=\"1024\" height=\"768\" src=\"https:\/\/r-interieurs.com\/wp-content\/uploads\/2018\/01\/emilie-rieffel-decoration-interieur-agence-temporaire-apr\u00e8s-1.jpg\" class=\"attachment-full size-full wp-post-image\" alt=\"\" loading=\"lazy\" srcset=\"https:\/\/r-interieurs.com\/wp-content\/uploads\/2018\/01\/emilie-rieffel-decoration-interieur-agence-temporaire-apr\u00e8s-1.jpg 1024w, https:\/\/r-interieurs.com\/wp-content\/uploads\/2018\/01\/emilie-rieffel-decoration-interieur-agence-temporaire-apr\u00e8s-1-300x225.jpg 300w, https:\/\/r-interieurs.com\/wp-content\/uploads\/2018\/01\/emilie-rieffel-decoration-interieur-agence-temporaire-apr\u00e8s-1-768x576.jpg 768w\" sizes=\"(max-width: 1024px) 100vw, 1024px\" \/><\/div>\n<div class=\"mkd-item-text-overlay\">\n    <div class=\"mkd-item-text-overlay-inner\">\n        <div class=\"mkd-item-text-holder\">\n            \t<h4 itemprop=\"name\" class=\"mkd-pli-title entry-title\" >\n\t\tAgence de Travail Temporaire &#8211; RPS\t<\/h4>\n            \t\t<div class=\"mkd-pli-category-holder\">\n\t\t\t\t\t\t<p>\n\t\t\t\t<a itemprop=\"url\" class=\"mkd-pli-category\" href=\"https:\/\/r-interieurs.com\/index.php\/portfolio-category\/espace-professionnel-selestat\/\">Espace professionnel - S\u00e9lestat<\/a>\n\t\t\t<\/p>\n\t\t\t\t\t<\/div>\n\t        <\/div>        \n    <\/div>\n<\/div>\n\t\t\n\t\t<a itemprop=\"url\" class=\"mkd-pli-link mkd-block-drag-link\" href=\"https:\/\/r-interieurs.com\/index.php\/portfolio-item\/motion-design\/\" target=\"_self\"><\/a>\n\t<\/div>\n<\/article><article class=\"mkd-pl-item mkd-item-space  post-5702 portfolio-item type-portfolio-item status-publish has-post-thumbnail hentry portfolio-category-maison-hangenbieten\">\n\t<div class=\"mkd-pl-item-inner\">\n\t\t<div class=\"mkd-pli-image\">\n\t<img width=\"1024\" height=\"768\" src=\"https:\/\/r-interieurs.com\/wp-content\/uploads\/2018\/11\/IMGP1279.jpg\" class=\"attachment-full size-full wp-post-image\" alt=\"\" loading=\"lazy\" srcset=\"https:\/\/r-interieurs.com\/wp-content\/uploads\/2018\/11\/IMGP1279.jpg 1024w, https:\/\/r-interieurs.com\/wp-content\/uploads\/2018\/11\/IMGP1279-300x225.jpg 300w, https:\/\/r-interieurs.com\/wp-content\/uploads\/2018\/11\/IMGP1279-768x576.jpg 768w\" sizes=\"(max-width: 1024px) 100vw, 1024px\" \/><\/div>\n<div class=\"mkd-item-text-overlay\">\n    <div class=\"mkd-item-text-overlay-inner\">\n        <div class=\"mkd-item-text-holder\">\n            \t<h4 itemprop=\"name\" class=\"mkd-pli-title entry-title\" >\n\t\tSuite parentale\t<\/h4>\n            \t\t<div class=\"mkd-pli-category-holder\">\n\t\t\t\t\t\t<p>\n\t\t\t\t<a itemprop=\"url\" class=\"mkd-pli-category\" href=\"https:\/\/r-interieurs.com\/index.php\/portfolio-category\/maison-hangenbieten\/\">Maison - Hangenbieten<\/a>\n\t\t\t<\/p>\n\t\t\t\t\t<\/div>\n\t        <\/div>        \n    <\/div>\n<\/div>\n\t\t\n\t\t<a itemprop=\"url\" class=\"mkd-pli-link mkd-block-drag-link\" href=\"https:\/\/r-interieurs.com\/index.php\/portfolio-item\/suite-parentale\/\" target=\"_self\"><\/a>\n\t<\/div>\n<\/article><article class=\"mkd-pl-item mkd-item-space  post-5826 portfolio-item type-portfolio-item status-publish has-post-thumbnail hentry portfolio-category-lingolsheim\">\n\t<div class=\"mkd-pl-item-inner\">\n\t\t<div class=\"mkd-pli-image\">\n\t<img width=\"1024\" height=\"768\" src=\"https:\/\/r-interieurs.com\/wp-content\/uploads\/2019\/02\/decoration-interieur-spielhus-escape-game.png\" class=\"attachment-full size-full wp-post-image\" alt=\"\" loading=\"lazy\" srcset=\"https:\/\/r-interieurs.com\/wp-content\/uploads\/2019\/02\/decoration-interieur-spielhus-escape-game.png 1024w, https:\/\/r-interieurs.com\/wp-content\/uploads\/2019\/02\/decoration-interieur-spielhus-escape-game-300x225.png 300w, https:\/\/r-interieurs.com\/wp-content\/uploads\/2019\/02\/decoration-interieur-spielhus-escape-game-768x576.png 768w\" sizes=\"(max-width: 1024px) 100vw, 1024px\" \/><\/div>\n<div class=\"mkd-item-text-overlay\">\n    <div class=\"mkd-item-text-overlay-inner\">\n        <div class=\"mkd-item-text-holder\">\n            \t<h4 itemprop=\"name\" class=\"mkd-pli-title entry-title\" >\n\t\tEscape Game &#8211; Spielhus\t<\/h4>\n            \t\t<div class=\"mkd-pli-category-holder\">\n\t\t\t\t\t\t<p>\n\t\t\t\t<a itemprop=\"url\" class=\"mkd-pli-category\" href=\"https:\/\/r-interieurs.com\/index.php\/portfolio-category\/lingolsheim\/\">Lingolsheim<\/a>\n\t\t\t<\/p>\n\t\t\t\t\t<\/div>\n\t        <\/div>        \n    <\/div>\n<\/div>\n\t\t\n\t\t<a itemprop=\"url\" class=\"mkd-pli-link mkd-block-drag-link\" href=\"https:\/\/r-interieurs.com\/index.php\/portfolio-item\/escape-game-spielhus\/\" target=\"_self\"><\/a>\n\t<\/div>\n<\/article><article class=\"mkd-pl-item mkd-item-space  post-5947 portfolio-item type-portfolio-item status-publish has-post-thumbnail hentry portfolio-category-maison-hangenbieten\">\n\t<div class=\"mkd-pl-item-inner\">\n\t\t<div class=\"mkd-pli-image\">\n\t<img width=\"640\" height=\"480\" src=\"https:\/\/r-interieurs.com\/wp-content\/uploads\/2019\/07\/salon-emilie.jpg\" class=\"attachment-full size-full wp-post-image\" alt=\"\" loading=\"lazy\" srcset=\"https:\/\/r-interieurs.com\/wp-content\/uploads\/2019\/07\/salon-emilie.jpg 640w, https:\/\/r-interieurs.com\/wp-content\/uploads\/2019\/07\/salon-emilie-300x225.jpg 300w\" sizes=\"(max-width: 640px) 100vw, 640px\" \/><\/div>\n<div class=\"mkd-item-text-overlay\">\n    <div class=\"mkd-item-text-overlay-inner\">\n        <div class=\"mkd-item-text-holder\">\n            \t<h4 itemprop=\"name\" class=\"mkd-pli-title entry-title\" >\n\t\tS\u00e9jour\t<\/h4>\n            \t\t<div class=\"mkd-pli-category-holder\">\n\t\t\t\t\t\t<p>\n\t\t\t\t<a itemprop=\"url\" class=\"mkd-pli-category\" href=\"https:\/\/r-interieurs.com\/index.php\/portfolio-category\/maison-hangenbieten\/\">Maison - Hangenbieten<\/a>\n\t\t\t<\/p>\n\t\t\t\t\t<\/div>\n\t        <\/div>        \n    <\/div>\n<\/div>\n\t\t\n\t\t<a itemprop=\"url\" class=\"mkd-pli-link mkd-block-drag-link\" href=\"https:\/\/r-interieurs.com\/index.php\/portfolio-item\/sejour\/\" target=\"_self\"><\/a>\n\t<\/div>\n<\/article><article class=\"mkd-pl-item mkd-item-space  post-5968 portfolio-item type-portfolio-item status-publish has-post-thumbnail hentry portfolio-category-espace-professionnel-strasbourg\">\n\t<div class=\"mkd-pl-item-inner\">\n\t\t<div class=\"mkd-pli-image\">\n\t<img width=\"4608\" height=\"3456\" src=\"https:\/\/r-interieurs.com\/wp-content\/uploads\/2019\/08\/P4060204.jpg\" class=\"attachment-full size-full wp-post-image\" alt=\"\" loading=\"lazy\" srcset=\"https:\/\/r-interieurs.com\/wp-content\/uploads\/2019\/08\/P4060204.jpg 4608w, https:\/\/r-interieurs.com\/wp-content\/uploads\/2019\/08\/P4060204-300x225.jpg 300w, https:\/\/r-interieurs.com\/wp-content\/uploads\/2019\/08\/P4060204-768x576.jpg 768w, https:\/\/r-interieurs.com\/wp-content\/uploads\/2019\/08\/P4060204-1024x768.jpg 1024w\" sizes=\"(max-width: 4608px) 100vw, 4608px\" \/><\/div>\n<div class=\"mkd-item-text-overlay\">\n    <div class=\"mkd-item-text-overlay-inner\">\n        <div class=\"mkd-item-text-holder\">\n            \t<h4 itemprop=\"name\" class=\"mkd-pli-title entry-title\" >\n\t\tBureau\t<\/h4>\n            \t\t<div class=\"mkd-pli-category-holder\">\n\t\t\t\t\t\t<p>\n\t\t\t\t<a itemprop=\"url\" class=\"mkd-pli-category\" href=\"https:\/\/r-interieurs.com\/index.php\/portfolio-category\/espace-professionnel-strasbourg\/\">Espace professionnel - Strasbourg<\/a>\n\t\t\t<\/p>\n\t\t\t\t\t<\/div>\n\t        <\/div>        \n    <\/div>\n<\/div>\n\t\t\n\t\t<a itemprop=\"url\" class=\"mkd-pli-link mkd-block-drag-link\" href=\"https:\/\/r-interieurs.com\/index.php\/portfolio-item\/bureau\/\" target=\"_self\"><\/a>\n\t<\/div>\n<\/article><article class=\"mkd-pl-item mkd-item-space  post-6034 portfolio-item type-portfolio-item status-publish has-post-thumbnail hentry portfolio-category-interior-design\">\n\t<div class=\"mkd-pl-item-inner\">\n\t\t<div class=\"mkd-pli-image\">\n\t<img width=\"2188\" height=\"1456\" src=\"https:\/\/r-interieurs.com\/wp-content\/uploads\/2019\/11\/Capture-d\u2019\u00e9cran-2019-11-11-\u00e0-15.22.11.png\" class=\"attachment-full size-full wp-post-image\" alt=\"\" loading=\"lazy\" srcset=\"https:\/\/r-interieurs.com\/wp-content\/uploads\/2019\/11\/Capture-d\u2019\u00e9cran-2019-11-11-\u00e0-15.22.11.png 2188w, https:\/\/r-interieurs.com\/wp-content\/uploads\/2019\/11\/Capture-d\u2019\u00e9cran-2019-11-11-\u00e0-15.22.11-300x200.png 300w, https:\/\/r-interieurs.com\/wp-content\/uploads\/2019\/11\/Capture-d\u2019\u00e9cran-2019-11-11-\u00e0-15.22.11-768x511.png 768w, https:\/\/r-interieurs.com\/wp-content\/uploads\/2019\/11\/Capture-d\u2019\u00e9cran-2019-11-11-\u00e0-15.22.11-1024x681.png 1024w\" sizes=\"(max-width: 2188px) 100vw, 2188px\" \/><\/div>\n<div class=\"mkd-item-text-overlay\">\n    <div class=\"mkd-item-text-overlay-inner\">\n        <div class=\"mkd-item-text-holder\">\n            \t<h4 itemprop=\"name\" class=\"mkd-pli-title entry-title\" >\n\t\tAppartement Airbnb Strasbourg\t<\/h4>\n            \t\t<div class=\"mkd-pli-category-holder\">\n\t\t\t\t\t\t<p>\n\t\t\t\t<a itemprop=\"url\" class=\"mkd-pli-category\" href=\"https:\/\/r-interieurs.com\/index.php\/portfolio-category\/interior-design\/\">Interior design<\/a>\n\t\t\t<\/p>\n\t\t\t\t\t<\/div>\n\t        <\/div>        \n    <\/div>\n<\/div>\n\t\t\n\t\t<a itemprop=\"url\" class=\"mkd-pli-link mkd-block-drag-link\" href=\"https:\/\/r-interieurs.com\/index.php\/portfolio-item\/appartement-airbnb-strasbourg\/\" target=\"_self\"><\/a>\n\t<\/div>\n<\/article><article class=\"mkd-pl-item mkd-item-space  post-5417 portfolio-item type-portfolio-item status-publish has-post-thumbnail hentry portfolio-category-maison-hangenbieten\">\n\t<div class=\"mkd-pl-item-inner\">\n\t\t<div class=\"mkd-pli-image\">\n\t<img width=\"2560\" height=\"1920\" src=\"https:\/\/r-interieurs.com\/wp-content\/uploads\/2019\/01\/IMG_7230-scaled.jpg\" class=\"attachment-full size-full wp-post-image\" alt=\"\" loading=\"lazy\" srcset=\"https:\/\/r-interieurs.com\/wp-content\/uploads\/2019\/01\/IMG_7230-scaled.jpg 2560w, https:\/\/r-interieurs.com\/wp-content\/uploads\/2019\/01\/IMG_7230-300x225.jpg 300w, https:\/\/r-interieurs.com\/wp-content\/uploads\/2019\/01\/IMG_7230-1024x768.jpg 1024w, https:\/\/r-interieurs.com\/wp-content\/uploads\/2019\/01\/IMG_7230-768x576.jpg 768w, https:\/\/r-interieurs.com\/wp-content\/uploads\/2019\/01\/IMG_7230-1536x1152.jpg 1536w\" sizes=\"(max-width: 2560px) 100vw, 2560px\" \/><\/div>\n<div class=\"mkd-item-text-overlay\">\n    <div class=\"mkd-item-text-overlay-inner\">\n        <div class=\"mkd-item-text-holder\">\n            \t<h4 itemprop=\"name\" class=\"mkd-pli-title entry-title\" >\n\t\tChambre \u00e0 coucher 2\t<\/h4>\n            \t\t<div class=\"mkd-pli-category-holder\">\n\t\t\t\t\t\t<p>\n\t\t\t\t<a itemprop=\"url\" class=\"mkd-pli-category\" href=\"https:\/\/r-interieurs.com\/index.php\/portfolio-category\/maison-hangenbieten\/\">Maison - Hangenbieten<\/a>\n\t\t\t<\/p>\n\t\t\t\t\t<\/div>\n\t        <\/div>        \n    <\/div>\n<\/div>\n\t\t\n\t\t<a itemprop=\"url\" class=\"mkd-pli-link mkd-block-drag-link\" href=\"https:\/\/r-interieurs.com\/index.php\/portfolio-item\/chambre-a-coucher-2\/\" target=\"_self\"><\/a>\n\t<\/div>\n<\/article><article class=\"mkd-pl-item mkd-item-space  post-6112 portfolio-item type-portfolio-item status-publish has-post-thumbnail hentry portfolio-category-salle-de-bain-wolfisheim\">\n\t<div class=\"mkd-pl-item-inner\">\n\t\t<div class=\"mkd-pli-image\">\n\t<img width=\"2188\" height=\"1456\" src=\"https:\/\/r-interieurs.com\/wp-content\/uploads\/2020\/08\/Sans-titre-6.png\" class=\"attachment-full size-full wp-post-image\" alt=\"\" loading=\"lazy\" srcset=\"https:\/\/r-interieurs.com\/wp-content\/uploads\/2020\/08\/Sans-titre-6.png 2188w, https:\/\/r-interieurs.com\/wp-content\/uploads\/2020\/08\/Sans-titre-6-300x200.png 300w, https:\/\/r-interieurs.com\/wp-content\/uploads\/2020\/08\/Sans-titre-6-1024x681.png 1024w, https:\/\/r-interieurs.com\/wp-content\/uploads\/2020\/08\/Sans-titre-6-768x511.png 768w, https:\/\/r-interieurs.com\/wp-content\/uploads\/2020\/08\/Sans-titre-6-1536x1022.png 1536w\" sizes=\"(max-width: 2188px) 100vw, 2188px\" \/><\/div>\n<div class=\"mkd-item-text-overlay\">\n    <div class=\"mkd-item-text-overlay-inner\">\n        <div class=\"mkd-item-text-holder\">\n            \t<h4 itemprop=\"name\" class=\"mkd-pli-title entry-title\" >\n\t\tSalle de bain\t<\/h4>\n            \t\t<div class=\"mkd-pli-category-holder\">\n\t\t\t\t\t\t<p>\n\t\t\t\t<a itemprop=\"url\" class=\"mkd-pli-category\" href=\"https:\/\/r-interieurs.com\/index.php\/portfolio-category\/salle-de-bain-wolfisheim\/\">Salle de bain - Wolfisheim<\/a>\n\t\t\t<\/p>\n\t\t\t\t\t<\/div>\n\t        <\/div>        \n    <\/div>\n<\/div>\n\t\t\n\t\t<a itemprop=\"url\" class=\"mkd-pli-link mkd-block-drag-link\" href=\"https:\/\/r-interieurs.com\/index.php\/portfolio-item\/salle-de-bain-2\/\" target=\"_self\"><\/a>\n\t<\/div>\n<\/article>\t<\/div>\n\t\n\t<\/div>\t\t<\/div>\n\t<\/div>\n<\/div><\/div>[\/vc_column][\/vc_row]<\/p>\n","protected":false},"excerpt":{"rendered":"<p>[vc_row row_content_width=\u00a0\u00bbgrid\u00a0\u00bb][vc_column][\/vc_column][\/vc_row][vc_row][vc_column][\/vc_column][\/vc_row]<\/p>\n","protected":false},"author":1,"featured_media":5399,"parent":0,"menu_order":0,"comment_status":"closed","ping_status":"closed","template":"full-width.php","meta":{"spay_email":""},"yoast_head":"<!-- This site is optimized with the Yoast SEO plugin v18.4.1 - https:\/\/yoast.com\/wordpress\/plugins\/seo\/ -->\n<title>R\u00e9alisations - R Int\u00e9rieurs<\/title>\n<meta name=\"robots\" content=\"index, follow, max-snippet:-1, max-image-preview:large, max-video-preview:-1\" \/>\n<link rel=\"canonical\" href=\"https:\/\/r-interieurs.com\/index.php\/realisations\/\" \/>\n<meta property=\"og:locale\" content=\"fr_FR\" \/>\n<meta property=\"og:type\" content=\"article\" \/>\n<meta property=\"og:title\" content=\"R\u00e9alisations - R Int\u00e9rieurs\" \/>\n<meta property=\"og:description\" content=\"[vc_row row_content_width=\u00a0\u00bbgrid\u00a0\u00bb][vc_column][\/vc_column][\/vc_row][vc_row][vc_column][\/vc_column][\/vc_row]\" \/>\n<meta property=\"og:url\" content=\"https:\/\/r-interieurs.com\/index.php\/realisations\/\" \/>\n<meta property=\"og:site_name\" content=\"R Int\u00e9rieurs\" \/>\n<meta property=\"article:modified_time\" content=\"2018-09-10T15:33:47+00:00\" \/>\n<meta property=\"og:image\" content=\"https:\/\/r-interieurs.com\/wp-content\/uploads\/2018\/01\/emilie-rieffel-decoration-interieur-agence-temporaire-apr\u00e8s-1.jpg\" \/>\n\t<meta property=\"og:image:width\" content=\"1024\" \/>\n\t<meta property=\"og:image:height\" content=\"768\" \/>\n\t<meta property=\"og:image:type\" content=\"image\/jpeg\" \/>\n<meta name=\"twitter:card\" content=\"summary_large_image\" \/>\n<meta name=\"twitter:label1\" content=\"Dur\u00e9e de lecture estim\u00e9e\" \/>\n\t<meta name=\"twitter:data1\" content=\"1 minute\" \/>\n<script type=\"application\/ld+json\" class=\"yoast-schema-graph\">{\"@context\":\"https:\/\/schema.org\",\"@graph\":[{\"@type\":\"WebSite\",\"@id\":\"https:\/\/r-interieurs.com\/#website\",\"url\":\"https:\/\/r-interieurs.com\/\",\"name\":\"R Int\u00e9rieurs\",\"description\":\"D\u00e9coration int\u00e9rieur Strasbourg\",\"potentialAction\":[{\"@type\":\"SearchAction\",\"target\":{\"@type\":\"EntryPoint\",\"urlTemplate\":\"https:\/\/r-interieurs.com\/?s={search_term_string}\"},\"query-input\":\"required name=search_term_string\"}],\"inLanguage\":\"fr-FR\"},{\"@type\":\"ImageObject\",\"@id\":\"https:\/\/r-interieurs.com\/index.php\/realisations\/#primaryimage\",\"inLanguage\":\"fr-FR\",\"url\":\"https:\/\/r-interieurs.com\/wp-content\/uploads\/2018\/01\/emilie-rieffel-decoration-interieur-agence-temporaire-apr\u00e8s-1.jpg\",\"contentUrl\":\"https:\/\/r-interieurs.com\/wp-content\/uploads\/2018\/01\/emilie-rieffel-decoration-interieur-agence-temporaire-apr\u00e8s-1.jpg\",\"width\":1024,\"height\":768},{\"@type\":\"WebPage\",\"@id\":\"https:\/\/r-interieurs.com\/index.php\/realisations\/#webpage\",\"url\":\"https:\/\/r-interieurs.com\/index.php\/realisations\/\",\"name\":\"R\u00e9alisations - R Int\u00e9rieurs\",\"isPartOf\":{\"@id\":\"https:\/\/r-interieurs.com\/#website\"},\"primaryImageOfPage\":{\"@id\":\"https:\/\/r-interieurs.com\/index.php\/realisations\/#primaryimage\"},\"datePublished\":\"2018-01-19T13:02:58+00:00\",\"dateModified\":\"2018-09-10T15:33:47+00:00\",\"breadcrumb\":{\"@id\":\"https:\/\/r-interieurs.com\/index.php\/realisations\/#breadcrumb\"},\"inLanguage\":\"fr-FR\",\"potentialAction\":[{\"@type\":\"ReadAction\",\"target\":[\"https:\/\/r-interieurs.com\/index.php\/realisations\/\"]}]},{\"@type\":\"BreadcrumbList\",\"@id\":\"https:\/\/r-interieurs.com\/index.php\/realisations\/#breadcrumb\",\"itemListElement\":[{\"@type\":\"ListItem\",\"position\":1,\"name\":\"Accueil\",\"item\":\"https:\/\/r-interieurs.com\/\"},{\"@type\":\"ListItem\",\"position\":2,\"name\":\"R\u00e9alisations\"}]}]}<\/script>\n<!-- \/ Yoast SEO plugin. -->","yoast_head_json":{"title":"R\u00e9alisations - R Int\u00e9rieurs","robots":{"index":"index","follow":"follow","max-snippet":"max-snippet:-1","max-image-preview":"max-image-preview:large","max-video-preview":"max-video-preview:-1"},"canonical":"https:\/\/r-interieurs.com\/index.php\/realisations\/","og_locale":"fr_FR","og_type":"article","og_title":"R\u00e9alisations - R Int\u00e9rieurs","og_description":"[vc_row row_content_width=\u00a0\u00bbgrid\u00a0\u00bb][vc_column][\/vc_column][\/vc_row][vc_row][vc_column][\/vc_column][\/vc_row]","og_url":"https:\/\/r-interieurs.com\/index.php\/realisations\/","og_site_name":"R Int\u00e9rieurs","article_modified_time":"2018-09-10T15:33:47+00:00","og_image":[{"width":1024,"height":768,"url":"https:\/\/r-interieurs.com\/wp-content\/uploads\/2018\/01\/emilie-rieffel-decoration-interieur-agence-temporaire-apr\u00e8s-1.jpg","type":"image\/jpeg"}],"twitter_card":"summary_large_image","twitter_misc":{"Dur\u00e9e de lecture estim\u00e9e":"1 minute"},"schema":{"@context":"https:\/\/schema.org","@graph":[{"@type":"WebSite","@id":"https:\/\/r-interieurs.com\/#website","url":"https:\/\/r-interieurs.com\/","name":"R Int\u00e9rieurs","description":"D\u00e9coration int\u00e9rieur Strasbourg","potentialAction":[{"@type":"SearchAction","target":{"@type":"EntryPoint","urlTemplate":"https:\/\/r-interieurs.com\/?s={search_term_string}"},"query-input":"required name=search_term_string"}],"inLanguage":"fr-FR"},{"@type":"ImageObject","@id":"https:\/\/r-interieurs.com\/index.php\/realisations\/#primaryimage","inLanguage":"fr-FR","url":"https:\/\/r-interieurs.com\/wp-content\/uploads\/2018\/01\/emilie-rieffel-decoration-interieur-agence-temporaire-apr\u00e8s-1.jpg","contentUrl":"https:\/\/r-interieurs.com\/wp-content\/uploads\/2018\/01\/emilie-rieffel-decoration-interieur-agence-temporaire-apr\u00e8s-1.jpg","width":1024,"height":768},{"@type":"WebPage","@id":"https:\/\/r-interieurs.com\/index.php\/realisations\/#webpage","url":"https:\/\/r-interieurs.com\/index.php\/realisations\/","name":"R\u00e9alisations - R Int\u00e9rieurs","isPartOf":{"@id":"https:\/\/r-interieurs.com\/#website"},"primaryImageOfPage":{"@id":"https:\/\/r-interieurs.com\/index.php\/realisations\/#primaryimage"},"datePublished":"2018-01-19T13:02:58+00:00","dateModified":"2018-09-10T15:33:47+00:00","breadcrumb":{"@id":"https:\/\/r-interieurs.com\/index.php\/realisations\/#breadcrumb"},"inLanguage":"fr-FR","potentialAction":[{"@type":"ReadAction","target":["https:\/\/r-interieurs.com\/index.php\/realisations\/"]}]},{"@type":"BreadcrumbList","@id":"https:\/\/r-interieurs.com\/index.php\/realisations\/#breadcrumb","itemListElement":[{"@type":"ListItem","position":1,"name":"Accueil","item":"https:\/\/r-interieurs.com\/"},{"@type":"ListItem","position":2,"name":"R\u00e9alisations"}]}]}},"_links":{"self":[{"href":"https:\/\/r-interieurs.com\/index.php\/wp-json\/wp\/v2\/pages\/1592"}],"collection":[{"href":"https:\/\/r-interieurs.com\/index.php\/wp-json\/wp\/v2\/pages"}],"about":[{"href":"https:\/\/r-interieurs.com\/index.php\/wp-json\/wp\/v2\/types\/page"}],"author":[{"embeddable":true,"href":"https:\/\/r-interieurs.com\/index.php\/wp-json\/wp\/v2\/users\/1"}],"replies":[{"embeddable":true,"href":"https:\/\/r-interieurs.com\/index.php\/wp-json\/wp\/v2\/comments?post=1592"}],"version-history":[{"count":21,"href":"https:\/\/r-interieurs.com\/index.php\/wp-json\/wp\/v2\/pages\/1592\/revisions"}],"predecessor-version":[{"id":5330,"href":"https:\/\/r-interieurs.com\/index.php\/wp-json\/wp\/v2\/pages\/1592\/revisions\/5330"}],"wp:featuredmedia":[{"embeddable":true,"href":"https:\/\/r-interieurs.com\/index.php\/wp-json\/wp\/v2\/media\/5399"}],"wp:attachment":[{"href":"https:\/\/r-interieurs.com\/index.php\/wp-json\/wp\/v2\/media?parent=1592"}],"curies":[{"name":"wp","href":"https:\/\/api.w.org\/{rel}","templated":true}]}}